{"id":1030,"date":"2023-06-15T05:50:05","date_gmt":"2023-06-15T05:50:05","guid":{"rendered":"https:\/\/naturasanaperu.com\/?post_type=product&#038;p=1030"},"modified":"2023-06-22T22:57:15","modified_gmt":"2023-06-22T22:57:15","slug":"bioflora","status":"publish","type":"product","link":"https:\/\/naturasanaperu.com\/index.php\/product\/bioflora\/","title":{"rendered":"BIOFLORA"},"content":{"rendered":"<div>\n<p>Bioflora es una mezcla de cinco hierbas cuidadosamente seleccionadas y extractos bot\u00e1nicos de varias regiones del Pre\u00fa. Esta infusi\u00f3n de hierbas se ha utilizado tradicionalmente en toda Am\u00e9rica Latina para limpiar el tracto digestivo de manera natural, aliviar las molestias estomacales y la flatulencia.<\/p>\n<\/div>\n<div>\n<div><strong style=\"font-size: 1.7em;\">BENEFICIOS<\/strong><\/div>\n<\/div>\n<p>Para obtener resultados excelentes en el consumo de este producto seguir las indicaciones del modo de consumo.<\/p>\n<ul>\n<li>Controla el desorden g\u00e1strico e intestinal.<\/li>\n<li>Ulceras.<\/li>\n<li>Dolor estomacal.<\/li>\n<li>Flujo biliar.<\/li>\n<li>Flatulencia.<\/li>\n<li>Colitis.<\/li>\n<li>Estomago hinchado.<\/li>\n<li>Digesti\u00f3n densa.<\/li>\n<li>Problemas pancre\u00e1ticos<\/li>\n<\/ul>\n<h2><strong>MODO DE CONSUMO<\/strong><\/h2>\n<p>Consumir puro o diluir en un l\u00edquido saludable.<\/p>\n<p>Empieza a disfrutar de sus beneficios bebiendo dos cucharadas al d\u00eda despu\u00e9s de los alimentos y renueva tu salud.<\/p>\n","protected":false},"excerpt":{"rendered":"<p>Bioflora es una mezcla de cinco hierbas cuidadosamente seleccionadas y extractos bot\u00e1nicos de varias regiones del Pre\u00fa. Esta infusi\u00f3n de hierbas se ha utilizado tradicionalmente en toda Am\u00e9rica Latina para limpiar el tracto digestivo de manera natural, aliviar las molestias estomacales y la flatulencia.<\/p>\n","protected":false},"featured_media":999,"comment_status":"open","ping_status":"closed","template":"","meta":{"_uag_custom_page_level_css":"","site-sidebar-layout":"default","site-content-layout":"default","ast-global-header-display":"","ast-banner-title-visibility":"","ast-main-header-display":"","ast-hfb-above-header-display":"","ast-hfb-below-header-display":"","ast-hfb-mobile-header-display":"","site-post-title":"","ast-breadcrumbs-content":"","ast-featured-img":"","footer-sml-layout":"","theme-transparent-header-meta":"default","adv-header-id-meta":"","stick-header-meta":"","header-above-stick-meta":"","header-main-stick-meta":"","header-below-stick-meta":"","_joinchat":[]},"product_cat":[25],"product_tag":[32],"uagb_featured_image_src":{"full":["https:\/\/naturasanaperu.com\/wp-content\/uploads\/2023\/06\/BIOFLORA.png",1058,1058,false],"thumbnail":["https:\/\/naturasanaperu.com\/wp-content\/uploads\/2023\/06\/BIOFLORA-150x150.png",150,150,true],"medium":["https:\/\/naturasanaperu.com\/wp-content\/uploads\/2023\/06\/BIOFLORA-300x300.png",300,300,true],"medium_large":["https:\/\/naturasanaperu.com\/wp-content\/uploads\/2023\/06\/BIOFLORA-768x768.png",768,768,true],"large":["https:\/\/naturasanaperu.com\/wp-content\/uploads\/2023\/06\/BIOFLORA-1024x1024.png",1024,1024,true],"1536x1536":["https:\/\/naturasanaperu.com\/wp-content\/uploads\/2023\/06\/BIOFLORA.png",1058,1058,false],"2048x2048":["https:\/\/naturasanaperu.com\/wp-content\/uploads\/2023\/06\/BIOFLORA.png",1058,1058,false],"depicter-thumbnail":["https:\/\/naturasanaperu.com\/wp-content\/uploads\/2023\/06\/BIOFLORA-200x200.png",200,200,true],"woocommerce_thumbnail":["https:\/\/naturasanaperu.com\/wp-content\/uploads\/2023\/06\/BIOFLORA-300x300.png",300,300,true],"woocommerce_single":["https:\/\/naturasanaperu.com\/wp-content\/uploads\/2023\/06\/BIOFLORA-600x600.png",600,600,true],"woocommerce_gallery_thumbnail":["https:\/\/naturasanaperu.com\/wp-content\/uploads\/2023\/06\/BIOFLORA-100x100.png",100,100,true],"variation_swatches_image_size":["https:\/\/naturasanaperu.com\/wp-content\/uploads\/2023\/06\/BIOFLORA.png",50,50,false],"variation_swatches_tooltip_size":["https:\/\/naturasanaperu.com\/wp-content\/uploads\/2023\/06\/BIOFLORA.png",100,100,false],"dgwt-wcas-product-suggestion":["https:\/\/naturasanaperu.com\/wp-content\/uploads\/2023\/06\/BIOFLORA-64x64.png",64,64,true]},"uagb_author_info":{"display_name":"naturasana_1@hotmail.com","author_link":"https:\/\/naturasanaperu.com\/index.php\/author\/"},"uagb_comment_info":0,"uagb_excerpt":"Bioflora es una mezcla de cinco hierbas cuidadosamente seleccionadas y extractos bot\u00e1nicos de varias regiones del Pre\u00fa. Esta infusi\u00f3n de hierbas se ha utilizado tradicionalmente en toda Am\u00e9rica Latina para limpiar el tracto digestivo de manera natural, aliviar las molestias estomacales y la flatulencia.","_links":{"self":[{"href":"https:\/\/naturasanaperu.com\/index.php\/wp-json\/wp\/v2\/product\/1030"}],"collection":[{"href":"https:\/\/naturasanaperu.com\/index.php\/wp-json\/wp\/v2\/product"}],"about":[{"href":"https:\/\/naturasanaperu.com\/index.php\/wp-json\/wp\/v2\/types\/product"}],"replies":[{"embeddable":true,"href":"https:\/\/naturasanaperu.com\/index.php\/wp-json\/wp\/v2\/comments?post=1030"}],"wp:featuredmedia":[{"embeddable":true,"href":"https:\/\/naturasanaperu.com\/index.php\/wp-json\/wp\/v2\/media\/999"}],"wp:attachment":[{"href":"https:\/\/naturasanaperu.com\/index.php\/wp-json\/wp\/v2\/media?parent=1030"}],"wp:term":[{"taxonomy":"product_cat","embeddable":true,"href":"https:\/\/naturasanaperu.com\/index.php\/wp-json\/wp\/v2\/product_cat?post=1030"},{"taxonomy":"product_tag","embeddable":true,"href":"https:\/\/naturasanaperu.com\/index.php\/wp-json\/wp\/v2\/product_tag?post=1030"}],"curies":[{"name":"wp","href":"https:\/\/api.w.org\/{rel}","templated":true}]}}