{"id":1036,"date":"2023-06-15T06:03:47","date_gmt":"2023-06-15T06:03:47","guid":{"rendered":"https:\/\/naturasanaperu.com\/?post_type=product&#038;p=1036"},"modified":"2023-06-22T22:55:16","modified_gmt":"2023-06-22T22:55:16","slug":"clorofila","status":"publish","type":"product","link":"https:\/\/naturasanaperu.com\/index.php\/product\/clorofila\/","title":{"rendered":"CLOROFILA"},"content":{"rendered":"<p>Clorofila\u00a0es un producto recomendado para la\u00a0desintoxicaci\u00f3n del cuerpo; se ha demostrado que su consumo evita los efectos nocivos de la radiaci\u00f3n, favorece la eliminaci\u00f3n de metales pesados en el organismo y otros tipos de desechos.<\/p>\n<p>Entre sus propiedades principales se encuentran la\u00a0limpieza del colon\u00a0y\u00a0prevenci\u00f3n del c\u00e1ncer,\u00a0pues entre otras cosas, tambi\u00e9n promueve la proliferaci\u00f3n de la flora bacteriana intestinal.<\/p>\n<h2><strong>BENEFICIOS<\/strong><\/h2>\n<p>Para obtener resultados excelentes en el consumo de este producto seguir las indicaciones del modo de consumo.<\/p>\n<ul>\n<li>Ayuda a oxigenar el organismo.<\/li>\n<li>Contiene spirulina, alfalfa, berros, espinaca, acelga, perejil, lechuga, br\u00f3coli, menta, col, esp\u00e1rrago y culantro.<\/li>\n<li>Favorece la eliminaci\u00f3n de toxinas.<\/li>\n<li>Favorece el funcionamiento del sistema inmunol\u00f3gico.<\/li>\n<\/ul>\n<h2><strong>MODO DE CONSUMO<\/strong><\/h2>\n<p>Consumir puro o diluir en un l\u00edquido saludable.<\/p>\n<p>Empieza a disfrutar de sus beneficios bebiendo dos cucharadas al d\u00eda despu\u00e9s de los alimentos y renueva tu salud.<\/p>\n","protected":false},"excerpt":{"rendered":"<p>Clorofila\u00a0es un producto recomendado para la\u00a0desintoxicaci\u00f3n del cuerpo; se ha demostrado que su consumo evita los efectos nocivos de la radiaci\u00f3n, favorece la eliminaci\u00f3n de metales pesados en el organismo y otros tipos de desechos.<\/p>\n<p>Entre sus propiedades principales se encuentran la\u00a0limpieza del colon\u00a0y\u00a0prevenci\u00f3n del c\u00e1ncer,\u00a0pues entre otras cosas, tambi\u00e9n promueve la proliferaci\u00f3n de la flora bacteriana intestinal.<\/p>\n","protected":false},"featured_media":1002,"comment_status":"open","ping_status":"closed","template":"","meta":{"_uag_custom_page_level_css":"","site-sidebar-layout":"default","site-content-layout":"default","ast-global-header-display":"","ast-banner-title-visibility":"","ast-main-header-display":"","ast-hfb-above-header-display":"","ast-hfb-below-header-display":"","ast-hfb-mobile-header-display":"","site-post-title":"","ast-breadcrumbs-content":"","ast-featured-img":"","footer-sml-layout":"","theme-transparent-header-meta":"default","adv-header-id-meta":"","stick-header-meta":"","header-above-stick-meta":"","header-main-stick-meta":"","header-below-stick-meta":"","_joinchat":[]},"product_cat":[25],"product_tag":[37,32],"uagb_featured_image_src":{"full":["https:\/\/naturasanaperu.com\/wp-content\/uploads\/2023\/06\/CLOROFILA.png",1058,1058,false],"thumbnail":["https:\/\/naturasanaperu.com\/wp-content\/uploads\/2023\/06\/CLOROFILA-150x150.png",150,150,true],"medium":["https:\/\/naturasanaperu.com\/wp-content\/uploads\/2023\/06\/CLOROFILA-300x300.png",300,300,true],"medium_large":["https:\/\/naturasanaperu.com\/wp-content\/uploads\/2023\/06\/CLOROFILA-768x768.png",768,768,true],"large":["https:\/\/naturasanaperu.com\/wp-content\/uploads\/2023\/06\/CLOROFILA-1024x1024.png",1024,1024,true],"1536x1536":["https:\/\/naturasanaperu.com\/wp-content\/uploads\/2023\/06\/CLOROFILA.png",1058,1058,false],"2048x2048":["https:\/\/naturasanaperu.com\/wp-content\/uploads\/2023\/06\/CLOROFILA.png",1058,1058,false],"depicter-thumbnail":["https:\/\/naturasanaperu.com\/wp-content\/uploads\/2023\/06\/CLOROFILA-200x200.png",200,200,true],"woocommerce_thumbnail":["https:\/\/naturasanaperu.com\/wp-content\/uploads\/2023\/06\/CLOROFILA-300x300.png",300,300,true],"woocommerce_single":["https:\/\/naturasanaperu.com\/wp-content\/uploads\/2023\/06\/CLOROFILA-600x600.png",600,600,true],"woocommerce_gallery_thumbnail":["https:\/\/naturasanaperu.com\/wp-content\/uploads\/2023\/06\/CLOROFILA-100x100.png",100,100,true],"variation_swatches_image_size":["https:\/\/naturasanaperu.com\/wp-content\/uploads\/2023\/06\/CLOROFILA.png",50,50,false],"variation_swatches_tooltip_size":["https:\/\/naturasanaperu.com\/wp-content\/uploads\/2023\/06\/CLOROFILA.png",100,100,false],"dgwt-wcas-product-suggestion":["https:\/\/naturasanaperu.com\/wp-content\/uploads\/2023\/06\/CLOROFILA-64x64.png",64,64,true]},"uagb_author_info":{"display_name":"naturasana_1@hotmail.com","author_link":"https:\/\/naturasanaperu.com\/index.php\/author\/"},"uagb_comment_info":1,"uagb_excerpt":"Clorofila\u00a0es un producto recomendado para la\u00a0desintoxicaci\u00f3n del cuerpo; se ha demostrado que su consumo evita los efectos nocivos de la radiaci\u00f3n, favorece la eliminaci\u00f3n de metales pesados en el organismo y otros tipos de desechos. Entre sus propiedades principales se encuentran la\u00a0limpieza del colon\u00a0y\u00a0prevenci\u00f3n del c\u00e1ncer,\u00a0pues entre otras cosas, tambi\u00e9n promueve la proliferaci\u00f3n de la&hellip;","_links":{"self":[{"href":"https:\/\/naturasanaperu.com\/index.php\/wp-json\/wp\/v2\/product\/1036"}],"collection":[{"href":"https:\/\/naturasanaperu.com\/index.php\/wp-json\/wp\/v2\/product"}],"about":[{"href":"https:\/\/naturasanaperu.com\/index.php\/wp-json\/wp\/v2\/types\/product"}],"replies":[{"embeddable":true,"href":"https:\/\/naturasanaperu.com\/index.php\/wp-json\/wp\/v2\/comments?post=1036"}],"wp:featuredmedia":[{"embeddable":true,"href":"https:\/\/naturasanaperu.com\/index.php\/wp-json\/wp\/v2\/media\/1002"}],"wp:attachment":[{"href":"https:\/\/naturasanaperu.com\/index.php\/wp-json\/wp\/v2\/media?parent=1036"}],"wp:term":[{"taxonomy":"product_cat","embeddable":true,"href":"https:\/\/naturasanaperu.com\/index.php\/wp-json\/wp\/v2\/product_cat?post=1036"},{"taxonomy":"product_tag","embeddable":true,"href":"https:\/\/naturasanaperu.com\/index.php\/wp-json\/wp\/v2\/product_tag?post=1036"}],"curies":[{"name":"wp","href":"https:\/\/api.w.org\/{rel}","templated":true}]}}