{"id":1040,"date":"2023-06-15T06:17:27","date_gmt":"2023-06-15T06:17:27","guid":{"rendered":"https:\/\/naturasanaperu.com\/?post_type=product&#038;p=1040"},"modified":"2023-06-22T22:54:20","modified_gmt":"2023-06-22T22:54:20","slug":"fatachet-3","status":"publish","type":"product","link":"https:\/\/naturasanaperu.com\/index.php\/product\/fatachet-3\/","title":{"rendered":"FATACHET"},"content":{"rendered":"<div>\n<p>Fatachet es el mejor producto para bajar esos kilitos extra de forma natural y cuidando la salud de tu cuerpo. fatachet es una combinacion de plantas traidas de las amazonias del mundo, all\u00ed es usada y reconocida como un eficaz remedio natural para combatir la obesidad; de hecho, es usada para la preparaci\u00f3n de platos t\u00edpicos y eliminar las calor\u00edas en ellos<\/p>\n<\/div>\n<div>\n<div><\/div>\n<\/div>\n<h2><strong>BENEFICIOS<\/strong><\/h2>\n<p>Para obtener resultados excelentes en el consumo de este producto seguir las indicaciones del modo de consumo.<\/p>\n<ul>\n<li>\u2022 Act\u00faa como agente disolvente de los excesos de grasa en el organismo.<br \/>\n\u2022 Obesidad.<br \/>\n\u2022 Celulitis.<br \/>\n\u2022 Varices.<br \/>\n\u2022 Controla la presi\u00f3n sangu\u00ednea.<br \/>\n\u2022 Elimina manchas en la cara.<br \/>\n\u2022 Acn\u00e9, espinillas, barros.<\/li>\n<\/ul>\n<h2><strong>MODO DE CONSUMO<\/strong><\/h2>\n<p>Consumir puro o diluir en un l\u00edquido saludable.<\/p>\n<p>Empieza a disfrutar de sus beneficios bebiendo dos cucharadas al d\u00eda despu\u00e9s de los alimentos y renueva tu salud.<\/p>\n","protected":false},"excerpt":{"rendered":"<p>Fatachet es el mejor producto para bajar esos kilitos extra de forma natural y cuidando la salud de tu cuerpo. fatachet es una combinacion de plantas traidas de las amazonias del mundo, all\u00ed es usada y reconocida como un eficaz remedio natural para combatir la obesidad; de hecho, es usada para la preparaci\u00f3n de platos t\u00edpicos y eliminar las calor\u00edas en ellos.<\/p>\n","protected":false},"featured_media":1006,"comment_status":"open","ping_status":"closed","template":"","meta":{"_uag_custom_page_level_css":"","site-sidebar-layout":"default","site-content-layout":"default","ast-global-header-display":"","ast-banner-title-visibility":"","ast-main-header-display":"","ast-hfb-above-header-display":"","ast-hfb-below-header-display":"","ast-hfb-mobile-header-display":"","site-post-title":"","ast-breadcrumbs-content":"","ast-featured-img":"","footer-sml-layout":"","theme-transparent-header-meta":"default","adv-header-id-meta":"","stick-header-meta":"","header-above-stick-meta":"","header-main-stick-meta":"","header-below-stick-meta":"","_joinchat":[]},"product_cat":[25],"product_tag":[30],"uagb_featured_image_src":{"full":["https:\/\/naturasanaperu.com\/wp-content\/uploads\/2023\/06\/FATTACHET.png",1058,1058,false],"thumbnail":["https:\/\/naturasanaperu.com\/wp-content\/uploads\/2023\/06\/FATTACHET-150x150.png",150,150,true],"medium":["https:\/\/naturasanaperu.com\/wp-content\/uploads\/2023\/06\/FATTACHET-300x300.png",300,300,true],"medium_large":["https:\/\/naturasanaperu.com\/wp-content\/uploads\/2023\/06\/FATTACHET-768x768.png",768,768,true],"large":["https:\/\/naturasanaperu.com\/wp-content\/uploads\/2023\/06\/FATTACHET-1024x1024.png",1024,1024,true],"1536x1536":["https:\/\/naturasanaperu.com\/wp-content\/uploads\/2023\/06\/FATTACHET.png",1058,1058,false],"2048x2048":["https:\/\/naturasanaperu.com\/wp-content\/uploads\/2023\/06\/FATTACHET.png",1058,1058,false],"depicter-thumbnail":["https:\/\/naturasanaperu.com\/wp-content\/uploads\/2023\/06\/FATTACHET-200x200.png",200,200,true],"woocommerce_thumbnail":["https:\/\/naturasanaperu.com\/wp-content\/uploads\/2023\/06\/FATTACHET-300x300.png",300,300,true],"woocommerce_single":["https:\/\/naturasanaperu.com\/wp-content\/uploads\/2023\/06\/FATTACHET-600x600.png",600,600,true],"woocommerce_gallery_thumbnail":["https:\/\/naturasanaperu.com\/wp-content\/uploads\/2023\/06\/FATTACHET-100x100.png",100,100,true],"variation_swatches_image_size":["https:\/\/naturasanaperu.com\/wp-content\/uploads\/2023\/06\/FATTACHET.png",50,50,false],"variation_swatches_tooltip_size":["https:\/\/naturasanaperu.com\/wp-content\/uploads\/2023\/06\/FATTACHET.png",100,100,false],"dgwt-wcas-product-suggestion":["https:\/\/naturasanaperu.com\/wp-content\/uploads\/2023\/06\/FATTACHET-64x64.png",64,64,true]},"uagb_author_info":{"display_name":"naturasana_1@hotmail.com","author_link":"https:\/\/naturasanaperu.com\/index.php\/author\/"},"uagb_comment_info":0,"uagb_excerpt":"Fatachet es el mejor producto para bajar esos kilitos extra de forma natural y cuidando la salud de tu cuerpo. fatachet es una combinacion de plantas traidas de las amazonias del mundo, all\u00ed es usada y reconocida como un eficaz remedio natural para combatir la obesidad; de hecho, es usada para la preparaci\u00f3n de platos&hellip;","_links":{"self":[{"href":"https:\/\/naturasanaperu.com\/index.php\/wp-json\/wp\/v2\/product\/1040"}],"collection":[{"href":"https:\/\/naturasanaperu.com\/index.php\/wp-json\/wp\/v2\/product"}],"about":[{"href":"https:\/\/naturasanaperu.com\/index.php\/wp-json\/wp\/v2\/types\/product"}],"replies":[{"embeddable":true,"href":"https:\/\/naturasanaperu.com\/index.php\/wp-json\/wp\/v2\/comments?post=1040"}],"wp:featuredmedia":[{"embeddable":true,"href":"https:\/\/naturasanaperu.com\/index.php\/wp-json\/wp\/v2\/media\/1006"}],"wp:attachment":[{"href":"https:\/\/naturasanaperu.com\/index.php\/wp-json\/wp\/v2\/media?parent=1040"}],"wp:term":[{"taxonomy":"product_cat","embeddable":true,"href":"https:\/\/naturasanaperu.com\/index.php\/wp-json\/wp\/v2\/product_cat?post=1040"},{"taxonomy":"product_tag","embeddable":true,"href":"https:\/\/naturasanaperu.com\/index.php\/wp-json\/wp\/v2\/product_tag?post=1040"}],"curies":[{"name":"wp","href":"https:\/\/api.w.org\/{rel}","templated":true}]}}