{"id":1057,"date":"2023-06-15T07:26:29","date_gmt":"2023-06-15T07:26:29","guid":{"rendered":"https:\/\/naturasanaperu.com\/?post_type=product&#038;p=1057"},"modified":"2023-06-22T22:52:15","modified_gmt":"2023-06-22T22:52:15","slug":"sabila-lin-2","status":"publish","type":"product","link":"https:\/\/naturasanaperu.com\/index.php\/product\/sabila-lin-2\/","title":{"rendered":"SABILA-LIN"},"content":{"rendered":"<div>\n<p>Sabila-Lin contiene las vitaminas necesarias para mantenerse en buen estado de salud. Entre los minerales est\u00e1n: el calcio, zinc, cromo, selenio, hierro, cobre, magnesio.<\/p>\n<p>El aloe vera tambi\u00e9n es un aliado perfecto para la salud interna del organismo, reduce el estre\u00f1imiento y mejora el tr\u00e1nsito intestinal.<\/p>\n<h2><strong>BENEFICIOS<\/strong><\/h2>\n<p>Para obtener resultados excelentes en el consumo de este producto seguir las indicaciones del modo de consumo.<\/p>\n<ul>\n<li>Limpia el tracto digestivo, ayuda a las personas que padecen de estre\u00f1imiento.<\/li>\n<li>Mantiene los intestinos saludables y nos ayuda a tener siempre una flora intestinal normal y libre de bacterias.<\/li>\n<li>Desintoxica el colon, ya que promueve el desecho de las sustancias da\u00f1inas delcuerpo a trav\u00e9s del tracto intestina.<\/li>\n<li>La s\u00e1bila es un depurativo y desintoxicante natural.<\/li>\n<\/ul>\n<\/div>\n<h2><strong>MODO DE CONSUMO<\/strong><\/h2>\n<p>Consumir puro o diluir en un l\u00edquido saludable.<\/p>\n<p>Empieza a disfrutar de sus beneficios bebiendo dos cucharadas al d\u00eda despu\u00e9s de los alimentos y renueva tu salud.<\/p>\n","protected":false},"excerpt":{"rendered":"<p>Sabila-Lin contiene las vitaminas necesarias para mantenerse en buen estado de salud. Entre los minerales est\u00e1n: el calcio, zinc, cromo, selenio, hierro, cobre, magnesio.<\/p>\n<p>El aloe vera tambi\u00e9n es un aliado perfecto para la salud interna del organismo, reduce el estre\u00f1imiento y mejora el tr\u00e1nsito intestinal.<\/p>\n","protected":false},"featured_media":1021,"comment_status":"open","ping_status":"closed","template":"","meta":{"_uag_custom_page_level_css":"","site-sidebar-layout":"default","site-content-layout":"default","ast-global-header-display":"","ast-banner-title-visibility":"","ast-main-header-display":"","ast-hfb-above-header-display":"","ast-hfb-below-header-display":"","ast-hfb-mobile-header-display":"","site-post-title":"","ast-breadcrumbs-content":"","ast-featured-img":"","footer-sml-layout":"","theme-transparent-header-meta":"default","adv-header-id-meta":"","stick-header-meta":"","header-above-stick-meta":"","header-main-stick-meta":"","header-below-stick-meta":"","_joinchat":[]},"product_cat":[25],"product_tag":[37,32],"uagb_featured_image_src":{"full":["https:\/\/naturasanaperu.com\/wp-content\/uploads\/2023\/06\/SABILA-1.png",1058,1058,false],"thumbnail":["https:\/\/naturasanaperu.com\/wp-content\/uploads\/2023\/06\/SABILA-1-150x150.png",150,150,true],"medium":["https:\/\/naturasanaperu.com\/wp-content\/uploads\/2023\/06\/SABILA-1-300x300.png",300,300,true],"medium_large":["https:\/\/naturasanaperu.com\/wp-content\/uploads\/2023\/06\/SABILA-1-768x768.png",768,768,true],"large":["https:\/\/naturasanaperu.com\/wp-content\/uploads\/2023\/06\/SABILA-1-1024x1024.png",1024,1024,true],"1536x1536":["https:\/\/naturasanaperu.com\/wp-content\/uploads\/2023\/06\/SABILA-1.png",1058,1058,false],"2048x2048":["https:\/\/naturasanaperu.com\/wp-content\/uploads\/2023\/06\/SABILA-1.png",1058,1058,false],"depicter-thumbnail":["https:\/\/naturasanaperu.com\/wp-content\/uploads\/2023\/06\/SABILA-1-200x200.png",200,200,true],"woocommerce_thumbnail":["https:\/\/naturasanaperu.com\/wp-content\/uploads\/2023\/06\/SABILA-1-300x300.png",300,300,true],"woocommerce_single":["https:\/\/naturasanaperu.com\/wp-content\/uploads\/2023\/06\/SABILA-1-600x600.png",600,600,true],"woocommerce_gallery_thumbnail":["https:\/\/naturasanaperu.com\/wp-content\/uploads\/2023\/06\/SABILA-1-100x100.png",100,100,true],"variation_swatches_image_size":["https:\/\/naturasanaperu.com\/wp-content\/uploads\/2023\/06\/SABILA-1.png",50,50,false],"variation_swatches_tooltip_size":["https:\/\/naturasanaperu.com\/wp-content\/uploads\/2023\/06\/SABILA-1.png",100,100,false],"dgwt-wcas-product-suggestion":["https:\/\/naturasanaperu.com\/wp-content\/uploads\/2023\/06\/SABILA-1-64x64.png",64,64,true]},"uagb_author_info":{"display_name":"naturasana_1@hotmail.com","author_link":"https:\/\/naturasanaperu.com\/index.php\/author\/"},"uagb_comment_info":0,"uagb_excerpt":"Sabila-Lin contiene las vitaminas necesarias para mantenerse en buen estado de salud. Entre los minerales est\u00e1n: el calcio, zinc, cromo, selenio, hierro, cobre, magnesio. El aloe vera tambi\u00e9n es un aliado perfecto para la salud interna del organismo, reduce el estre\u00f1imiento y mejora el tr\u00e1nsito intestinal.","_links":{"self":[{"href":"https:\/\/naturasanaperu.com\/index.php\/wp-json\/wp\/v2\/product\/1057"}],"collection":[{"href":"https:\/\/naturasanaperu.com\/index.php\/wp-json\/wp\/v2\/product"}],"about":[{"href":"https:\/\/naturasanaperu.com\/index.php\/wp-json\/wp\/v2\/types\/product"}],"replies":[{"embeddable":true,"href":"https:\/\/naturasanaperu.com\/index.php\/wp-json\/wp\/v2\/comments?post=1057"}],"wp:featuredmedia":[{"embeddable":true,"href":"https:\/\/naturasanaperu.com\/index.php\/wp-json\/wp\/v2\/media\/1021"}],"wp:attachment":[{"href":"https:\/\/naturasanaperu.com\/index.php\/wp-json\/wp\/v2\/media?parent=1057"}],"wp:term":[{"taxonomy":"product_cat","embeddable":true,"href":"https:\/\/naturasanaperu.com\/index.php\/wp-json\/wp\/v2\/product_cat?post=1057"},{"taxonomy":"product_tag","embeddable":true,"href":"https:\/\/naturasanaperu.com\/index.php\/wp-json\/wp\/v2\/product_tag?post=1057"}],"curies":[{"name":"wp","href":"https:\/\/api.w.org\/{rel}","templated":true}]}}