{"id":1190,"date":"2023-06-20T13:33:36","date_gmt":"2023-06-20T13:33:36","guid":{"rendered":"https:\/\/naturasanaperu.com\/?post_type=product&#038;p=1190"},"modified":"2023-06-22T22:31:39","modified_gmt":"2023-06-22T22:31:39","slug":"plant-100-max-2","status":"publish","type":"product","link":"https:\/\/naturasanaperu.com\/index.php\/product\/plant-100-max-2\/","title":{"rendered":"PLANT 100 MAX"},"content":{"rendered":"<div>\n<div>\n<p>Extracto de 100 plantas seleccionadas y reforzadas con los frutos anti cancer\u00edgenos, desinflamantes y cicatrizantes, hojas, ra\u00edces, tallos, frutos 100% naturales, noni, graviola, u\u00f1a de gato, sangre de grado, copaiba, etc.<\/p>\n<p>Plant 100 Max\u00a0 es un suplemento coadyuvante en la atenci\u00f3n de los s\u00edntomas ocasionados por procesos inflamatorios. Purificador de la sangre.<\/p>\n<\/div>\n<div>\n<div><\/div>\n<\/div>\n<h2><strong>BENEFICIOS<\/strong><\/h2>\n<p>Para obtener resultados excelentes en el consumo de este producto seguir las indicaciones del modo de consumo.<\/p>\n<ul>\n<li>Diuretico, depurativo, desinflama las vias urinarias, higado, vesicula, ri\u00f1ones.<\/li>\n<li>Colicos, acidez, vinagre<\/li>\n<li>Estre\u00f1imiento cronico<\/li>\n<li>Colesterol, antioxidante<\/li>\n<li>Testiculos, prostata<\/li>\n<li>Cicatrizante de heridas internas<\/li>\n<li>Ulceras estomacales<\/li>\n<li>Tumores, ovario<\/li>\n<li>Purifica la sangre<\/li>\n<\/ul>\n<\/div>\n<h2><strong>MODO DE CONSUMO<\/strong><\/h2>\n<p>Consumir puro o diluir en un l\u00edquido saludable.<\/p>\n<p>Empieza a disfrutar de sus beneficios bebiendo dos cucharadas al d\u00eda despu\u00e9s de los alimentos y renueva tu salud.<\/p>\n","protected":false},"excerpt":{"rendered":"<p>Extracto de 100 plantas seleccionadas y reforzadas con los frutos anti cancer\u00edgenos, desinflamantes y cicatrizantes, hojas, ra\u00edces, tallos, frutos 100% naturales, noni, graviola, u\u00f1a de gato, sangre de grado, copaiba, etc.<\/p>\n<p>Plant 100 Max\u00a0 es un suplemento coadyuvante en la atenci\u00f3n de los s\u00edntomas ocasionados por procesos inflamatorios. Purificador de la sangre.<\/p>\n","protected":false},"featured_media":1086,"comment_status":"open","ping_status":"closed","template":"","meta":{"_uag_custom_page_level_css":"","site-sidebar-layout":"default","site-content-layout":"default","ast-global-header-display":"","ast-banner-title-visibility":"","ast-main-header-display":"","ast-hfb-above-header-display":"","ast-hfb-below-header-display":"","ast-hfb-mobile-header-display":"","site-post-title":"","ast-breadcrumbs-content":"","ast-featured-img":"","footer-sml-layout":"","theme-transparent-header-meta":"default","adv-header-id-meta":"","stick-header-meta":"","header-above-stick-meta":"","header-main-stick-meta":"","header-below-stick-meta":"","_joinchat":[]},"product_cat":[27],"product_tag":[37,32,34,35],"uagb_featured_image_src":{"full":["https:\/\/naturasanaperu.com\/wp-content\/uploads\/2023\/06\/plant-100-3.png",1058,1058,false],"thumbnail":["https:\/\/naturasanaperu.com\/wp-content\/uploads\/2023\/06\/plant-100-3-150x150.png",150,150,true],"medium":["https:\/\/naturasanaperu.com\/wp-content\/uploads\/2023\/06\/plant-100-3-300x300.png",300,300,true],"medium_large":["https:\/\/naturasanaperu.com\/wp-content\/uploads\/2023\/06\/plant-100-3-768x768.png",768,768,true],"large":["https:\/\/naturasanaperu.com\/wp-content\/uploads\/2023\/06\/plant-100-3-1024x1024.png",1024,1024,true],"1536x1536":["https:\/\/naturasanaperu.com\/wp-content\/uploads\/2023\/06\/plant-100-3.png",1058,1058,false],"2048x2048":["https:\/\/naturasanaperu.com\/wp-content\/uploads\/2023\/06\/plant-100-3.png",1058,1058,false],"depicter-thumbnail":["https:\/\/naturasanaperu.com\/wp-content\/uploads\/2023\/06\/plant-100-3-200x200.png",200,200,true],"woocommerce_thumbnail":["https:\/\/naturasanaperu.com\/wp-content\/uploads\/2023\/06\/plant-100-3-300x300.png",300,300,true],"woocommerce_single":["https:\/\/naturasanaperu.com\/wp-content\/uploads\/2023\/06\/plant-100-3-600x600.png",600,600,true],"woocommerce_gallery_thumbnail":["https:\/\/naturasanaperu.com\/wp-content\/uploads\/2023\/06\/plant-100-3-100x100.png",100,100,true],"variation_swatches_image_size":["https:\/\/naturasanaperu.com\/wp-content\/uploads\/2023\/06\/plant-100-3.png",50,50,false],"variation_swatches_tooltip_size":["https:\/\/naturasanaperu.com\/wp-content\/uploads\/2023\/06\/plant-100-3.png",100,100,false],"dgwt-wcas-product-suggestion":["https:\/\/naturasanaperu.com\/wp-content\/uploads\/2023\/06\/plant-100-3-64x64.png",64,64,true]},"uagb_author_info":{"display_name":"naturasana_1@hotmail.com","author_link":"https:\/\/naturasanaperu.com\/index.php\/author\/"},"uagb_comment_info":0,"uagb_excerpt":"Extracto de 100 plantas seleccionadas y reforzadas con los frutos anti cancer\u00edgenos, desinflamantes y cicatrizantes, hojas, ra\u00edces, tallos, frutos 100% naturales, noni, graviola, u\u00f1a de gato, sangre de grado, copaiba, etc. Plant 100 Max\u00a0 es un suplemento coadyuvante en la atenci\u00f3n de los s\u00edntomas ocasionados por procesos inflamatorios. Purificador de la sangre.","_links":{"self":[{"href":"https:\/\/naturasanaperu.com\/index.php\/wp-json\/wp\/v2\/product\/1190"}],"collection":[{"href":"https:\/\/naturasanaperu.com\/index.php\/wp-json\/wp\/v2\/product"}],"about":[{"href":"https:\/\/naturasanaperu.com\/index.php\/wp-json\/wp\/v2\/types\/product"}],"replies":[{"embeddable":true,"href":"https:\/\/naturasanaperu.com\/index.php\/wp-json\/wp\/v2\/comments?post=1190"}],"wp:featuredmedia":[{"embeddable":true,"href":"https:\/\/naturasanaperu.com\/index.php\/wp-json\/wp\/v2\/media\/1086"}],"wp:attachment":[{"href":"https:\/\/naturasanaperu.com\/index.php\/wp-json\/wp\/v2\/media?parent=1190"}],"wp:term":[{"taxonomy":"product_cat","embeddable":true,"href":"https:\/\/naturasanaperu.com\/index.php\/wp-json\/wp\/v2\/product_cat?post=1190"},{"taxonomy":"product_tag","embeddable":true,"href":"https:\/\/naturasanaperu.com\/index.php\/wp-json\/wp\/v2\/product_tag?post=1190"}],"curies":[{"name":"wp","href":"https:\/\/api.w.org\/{rel}","templated":true}]}}