{"id":1267,"date":"2023-06-21T22:42:01","date_gmt":"2023-06-21T22:42:01","guid":{"rendered":"https:\/\/naturasanaperu.com\/?post_type=product&#038;p=1267"},"modified":"2023-06-22T22:26:58","modified_gmt":"2023-06-22T22:26:58","slug":"protein-adult","status":"publish","type":"product","link":"https:\/\/naturasanaperu.com\/index.php\/product\/protein-adult\/","title":{"rendered":"PROTEIN ADULT"},"content":{"rendered":"<p>Protein Adult es un alimento dise\u00f1ado espec\u00edficamente pensando en las necesidades alimenticias del adulto mayor. Su f\u00f3rmula ha sido especialmente desarrollada para brindar prote\u00ednas, carbohidratos, vitaminas, minerales, fibra, omega-3, omega 6, \u00e1cido f\u00f3lico, hierro y zinc, nutrientes necesarios en esta etapa tan especial de la vida.<\/p>\n<h2><strong>BENEFICIOS<\/strong><\/h2>\n<p>Para obtener resultados excelentes en el consumo de este producto seguir las indicaciones del modo de consumo.<\/p>\n<ul>\n<li>Fortalece, mantiene y protege nuestros huesos y dientes.<\/li>\n<li>Ayuda a la movilidad y relajaci\u00f3n muscular.<\/li>\n<li>Ayuda a mantener un ritmo cardiaco adecuado.<\/li>\n<li>Regula la coagulaci\u00f3n de la sangre.<\/li>\n<li>Ayuda al env\u00edo y recepci\u00f3n de se\u00f1ales nerviosas.<\/li>\n<\/ul>\n<h2><strong>MODO DE CONSUMO<\/strong><\/h2>\n<p>Para aumentar un funcionamiento bueno consumir 10 gr diarios (media hora antes de los desayunos).<\/p>\n","protected":false},"excerpt":{"rendered":"<p>Protein Adult es un alimento dise\u00f1ado espec\u00edficamente pensando en las necesidades alimenticias del adulto mayor. Su f\u00f3rmula ha sido especialmente desarrollada para brindar prote\u00ednas, carbohidratos, vitaminas, minerales, fibra, omega-3, omega 6, \u00e1cido f\u00f3lico, hierro y zinc, nutrientes necesarios en esta etapa tan especial de la vida.<\/p>\n","protected":false},"featured_media":1261,"comment_status":"open","ping_status":"closed","template":"","meta":{"_uag_custom_page_level_css":"","site-sidebar-layout":"default","site-content-layout":"default","ast-global-header-display":"","ast-banner-title-visibility":"","ast-main-header-display":"","ast-hfb-above-header-display":"","ast-hfb-below-header-display":"","ast-hfb-mobile-header-display":"","site-post-title":"","ast-breadcrumbs-content":"","ast-featured-img":"","footer-sml-layout":"","theme-transparent-header-meta":"default","adv-header-id-meta":"","stick-header-meta":"","header-above-stick-meta":"","header-main-stick-meta":"","header-below-stick-meta":"","_joinchat":[]},"product_cat":[28],"product_tag":[39,24],"uagb_featured_image_src":{"full":["https:\/\/naturasanaperu.com\/wp-content\/uploads\/2023\/06\/PROTEIN-ADULT-1.png",1058,1058,false],"thumbnail":["https:\/\/naturasanaperu.com\/wp-content\/uploads\/2023\/06\/PROTEIN-ADULT-1-150x150.png",150,150,true],"medium":["https:\/\/naturasanaperu.com\/wp-content\/uploads\/2023\/06\/PROTEIN-ADULT-1-300x300.png",300,300,true],"medium_large":["https:\/\/naturasanaperu.com\/wp-content\/uploads\/2023\/06\/PROTEIN-ADULT-1-768x768.png",768,768,true],"large":["https:\/\/naturasanaperu.com\/wp-content\/uploads\/2023\/06\/PROTEIN-ADULT-1-1024x1024.png",1024,1024,true],"1536x1536":["https:\/\/naturasanaperu.com\/wp-content\/uploads\/2023\/06\/PROTEIN-ADULT-1.png",1058,1058,false],"2048x2048":["https:\/\/naturasanaperu.com\/wp-content\/uploads\/2023\/06\/PROTEIN-ADULT-1.png",1058,1058,false],"depicter-thumbnail":["https:\/\/naturasanaperu.com\/wp-content\/uploads\/2023\/06\/PROTEIN-ADULT-1-200x200.png",200,200,true],"woocommerce_thumbnail":["https:\/\/naturasanaperu.com\/wp-content\/uploads\/2023\/06\/PROTEIN-ADULT-1-300x300.png",300,300,true],"woocommerce_single":["https:\/\/naturasanaperu.com\/wp-content\/uploads\/2023\/06\/PROTEIN-ADULT-1-600x600.png",600,600,true],"woocommerce_gallery_thumbnail":["https:\/\/naturasanaperu.com\/wp-content\/uploads\/2023\/06\/PROTEIN-ADULT-1-100x100.png",100,100,true],"variation_swatches_image_size":["https:\/\/naturasanaperu.com\/wp-content\/uploads\/2023\/06\/PROTEIN-ADULT-1-50x50.png",50,50,true],"variation_swatches_tooltip_size":["https:\/\/naturasanaperu.com\/wp-content\/uploads\/2023\/06\/PROTEIN-ADULT-1-100x100.png",100,100,true],"dgwt-wcas-product-suggestion":["https:\/\/naturasanaperu.com\/wp-content\/uploads\/2023\/06\/PROTEIN-ADULT-1-64x64.png",64,64,true]},"uagb_author_info":{"display_name":"naturasana_1@hotmail.com","author_link":"https:\/\/naturasanaperu.com\/index.php\/author\/"},"uagb_comment_info":0,"uagb_excerpt":"Protein Adult es un alimento dise\u00f1ado espec\u00edficamente pensando en las necesidades alimenticias del adulto mayor. Su f\u00f3rmula ha sido especialmente desarrollada para brindar prote\u00ednas, carbohidratos, vitaminas, minerales, fibra, omega-3, omega 6, \u00e1cido f\u00f3lico, hierro y zinc, nutrientes necesarios en esta etapa tan especial de la vida.","_links":{"self":[{"href":"https:\/\/naturasanaperu.com\/index.php\/wp-json\/wp\/v2\/product\/1267"}],"collection":[{"href":"https:\/\/naturasanaperu.com\/index.php\/wp-json\/wp\/v2\/product"}],"about":[{"href":"https:\/\/naturasanaperu.com\/index.php\/wp-json\/wp\/v2\/types\/product"}],"replies":[{"embeddable":true,"href":"https:\/\/naturasanaperu.com\/index.php\/wp-json\/wp\/v2\/comments?post=1267"}],"wp:featuredmedia":[{"embeddable":true,"href":"https:\/\/naturasanaperu.com\/index.php\/wp-json\/wp\/v2\/media\/1261"}],"wp:attachment":[{"href":"https:\/\/naturasanaperu.com\/index.php\/wp-json\/wp\/v2\/media?parent=1267"}],"wp:term":[{"taxonomy":"product_cat","embeddable":true,"href":"https:\/\/naturasanaperu.com\/index.php\/wp-json\/wp\/v2\/product_cat?post=1267"},{"taxonomy":"product_tag","embeddable":true,"href":"https:\/\/naturasanaperu.com\/index.php\/wp-json\/wp\/v2\/product_tag?post=1267"}],"curies":[{"name":"wp","href":"https:\/\/api.w.org\/{rel}","templated":true}]}}