{"id":1279,"date":"2023-06-21T22:48:12","date_gmt":"2023-06-21T22:48:12","guid":{"rendered":"https:\/\/naturasanaperu.com\/?post_type=product&#038;p=1279"},"modified":"2023-06-22T22:26:09","modified_gmt":"2023-06-22T22:26:09","slug":"osteoporosis","status":"publish","type":"product","link":"https:\/\/naturasanaperu.com\/index.php\/product\/osteoporosis\/","title":{"rendered":"OSTEOPOROSIS"},"content":{"rendered":"<p>Osteoporosis brinda firmeza y elasticidad a tu piel fortaleciendo el crecimiento de tu cabello y u\u00f1as, siendo asimilado m\u00e1s f\u00e1cilmente por el organismo. asi mismo la nueva\u00a0 formula del colageno natura sana brinda una mayor efectividad, regeneraci\u00f3n, y restauraci\u00f3n de las c\u00e9lulas da\u00f1adas.<\/p>\n<h2><strong>BENEFICIOS<\/strong><\/h2>\n<p>Para obtener resultados excelentes en el consumo de este producto seguir las indicaciones del modo de consumo.<\/p>\n<ul>\n<li>Combate los signos de la edad.<\/li>\n<li>Mejora la elasticidad de la piel y previene el envejecimiento.<\/li>\n<li>Contiene un efecto antioxidante.<\/li>\n<li>Regenerador de c\u00e9lulas da\u00f1adas.<\/li>\n<li>Fortalece los huesos y articulaciones.<\/li>\n<\/ul>\n<h2><strong>MODO DE CONSUMO<\/strong><\/h2>\n<p>Para aumentar un funcionamiento bueno consumir 10 gr diarios (media hora antes de los desayunos).<\/p>\n","protected":false},"excerpt":{"rendered":"<p>Osteoporosis brinda firmeza y elasticidad a tu piel fortaleciendo el crecimiento de tu cabello y u\u00f1as, siendo asimilado m\u00e1s f\u00e1cilmente por el organismo. asi mismo la nueva\u00a0 formula del colageno natura sana brinda una mayor efectividad, regeneraci\u00f3n, y restauraci\u00f3n de las c\u00e9lulas da\u00f1adas.<\/p>\n","protected":false},"featured_media":1258,"comment_status":"open","ping_status":"closed","template":"","meta":{"_uag_custom_page_level_css":"","site-sidebar-layout":"default","site-content-layout":"default","ast-global-header-display":"","ast-banner-title-visibility":"","ast-main-header-display":"","ast-hfb-above-header-display":"","ast-hfb-below-header-display":"","ast-hfb-mobile-header-display":"","site-post-title":"","ast-breadcrumbs-content":"","ast-featured-img":"","footer-sml-layout":"","theme-transparent-header-meta":"default","adv-header-id-meta":"","stick-header-meta":"","header-above-stick-meta":"","header-main-stick-meta":"","header-below-stick-meta":"","_joinchat":[]},"product_cat":[28],"product_tag":[24],"uagb_featured_image_src":{"full":["https:\/\/naturasanaperu.com\/wp-content\/uploads\/2023\/06\/osteoporosis-1.png",1058,1058,false],"thumbnail":["https:\/\/naturasanaperu.com\/wp-content\/uploads\/2023\/06\/osteoporosis-1-150x150.png",150,150,true],"medium":["https:\/\/naturasanaperu.com\/wp-content\/uploads\/2023\/06\/osteoporosis-1-300x300.png",300,300,true],"medium_large":["https:\/\/naturasanaperu.com\/wp-content\/uploads\/2023\/06\/osteoporosis-1-768x768.png",768,768,true],"large":["https:\/\/naturasanaperu.com\/wp-content\/uploads\/2023\/06\/osteoporosis-1-1024x1024.png",1024,1024,true],"1536x1536":["https:\/\/naturasanaperu.com\/wp-content\/uploads\/2023\/06\/osteoporosis-1.png",1058,1058,false],"2048x2048":["https:\/\/naturasanaperu.com\/wp-content\/uploads\/2023\/06\/osteoporosis-1.png",1058,1058,false],"depicter-thumbnail":["https:\/\/naturasanaperu.com\/wp-content\/uploads\/2023\/06\/osteoporosis-1-200x200.png",200,200,true],"woocommerce_thumbnail":["https:\/\/naturasanaperu.com\/wp-content\/uploads\/2023\/06\/osteoporosis-1-300x300.png",300,300,true],"woocommerce_single":["https:\/\/naturasanaperu.com\/wp-content\/uploads\/2023\/06\/osteoporosis-1-600x600.png",600,600,true],"woocommerce_gallery_thumbnail":["https:\/\/naturasanaperu.com\/wp-content\/uploads\/2023\/06\/osteoporosis-1-100x100.png",100,100,true],"variation_swatches_image_size":["https:\/\/naturasanaperu.com\/wp-content\/uploads\/2023\/06\/osteoporosis-1-50x50.png",50,50,true],"variation_swatches_tooltip_size":["https:\/\/naturasanaperu.com\/wp-content\/uploads\/2023\/06\/osteoporosis-1-100x100.png",100,100,true],"dgwt-wcas-product-suggestion":["https:\/\/naturasanaperu.com\/wp-content\/uploads\/2023\/06\/osteoporosis-1-64x64.png",64,64,true]},"uagb_author_info":{"display_name":"naturasana_1@hotmail.com","author_link":"https:\/\/naturasanaperu.com\/index.php\/author\/"},"uagb_comment_info":0,"uagb_excerpt":"Osteoporosis brinda firmeza y elasticidad a tu piel fortaleciendo el crecimiento de tu cabello y u\u00f1as, siendo asimilado m\u00e1s f\u00e1cilmente por el organismo. asi mismo la nueva\u00a0 formula del colageno natura sana brinda una mayor efectividad, regeneraci\u00f3n, y restauraci\u00f3n de las c\u00e9lulas da\u00f1adas.","_links":{"self":[{"href":"https:\/\/naturasanaperu.com\/index.php\/wp-json\/wp\/v2\/product\/1279"}],"collection":[{"href":"https:\/\/naturasanaperu.com\/index.php\/wp-json\/wp\/v2\/product"}],"about":[{"href":"https:\/\/naturasanaperu.com\/index.php\/wp-json\/wp\/v2\/types\/product"}],"replies":[{"embeddable":true,"href":"https:\/\/naturasanaperu.com\/index.php\/wp-json\/wp\/v2\/comments?post=1279"}],"wp:featuredmedia":[{"embeddable":true,"href":"https:\/\/naturasanaperu.com\/index.php\/wp-json\/wp\/v2\/media\/1258"}],"wp:attachment":[{"href":"https:\/\/naturasanaperu.com\/index.php\/wp-json\/wp\/v2\/media?parent=1279"}],"wp:term":[{"taxonomy":"product_cat","embeddable":true,"href":"https:\/\/naturasanaperu.com\/index.php\/wp-json\/wp\/v2\/product_cat?post=1279"},{"taxonomy":"product_tag","embeddable":true,"href":"https:\/\/naturasanaperu.com\/index.php\/wp-json\/wp\/v2\/product_tag?post=1279"}],"curies":[{"name":"wp","href":"https:\/\/api.w.org\/{rel}","templated":true}]}}