{"id":1283,"date":"2023-06-21T22:49:30","date_gmt":"2023-06-21T22:49:30","guid":{"rendered":"https:\/\/naturasanaperu.com\/?post_type=product&#038;p=1283"},"modified":"2023-06-22T22:26:00","modified_gmt":"2023-06-22T22:26:00","slug":"maca-negra-2","status":"publish","type":"product","link":"https:\/\/naturasanaperu.com\/index.php\/product\/maca-negra-2\/","title":{"rendered":"MACA NEGRA"},"content":{"rendered":"<div>\n<p>La Maca negra es un s\u00faper alimento originario de los Andes del Per\u00fa, conocido por sus grandes beneficios nutricionales, entre sus muchas otras propiedades, por su capacidad de mejorar la funci\u00f3n sexual y, mejorar la fertilidad tambi\u00e9n. Ambas especies tienen como propiedades en com\u00fan, la mejora del rendimiento y el libido, es por eso que al combinarlas resultan grandes aliados para la potencia masculina.<\/p>\n<\/div>\n<div>\n<div><\/div>\n<\/div>\n<h2><strong>BENEFICIOS<\/strong><\/h2>\n<p>Para obtener resultados excelentes en el consumo de este producto seguir las indicaciones del modo de consumo.<\/p>\n<ul>\n<li>Planta peruana ideal para tener una vida sexual plena.<\/li>\n<li>Rico en proantocianidina, antioxidante estimulante de la circulaci\u00f3n.<\/li>\n<li>Ayuda a potenciar la virilidad masculina y rejuvenece el organismo.<\/li>\n<li>Afrodis\u00edaco natural \u2013 Aumenta la Libido masculina y el deseo sexual \u2013 refuerza la erecci\u00f3n naturalmente \u2013 para el tratamiento de la disfunci\u00f3n er\u00e9ctil \u2013 aumenta la potencia masculina \u2013 mejora el rendimiento sexual.<\/li>\n<li>Planta peruana ideal para mantener la libido y una vida sexual saludable.<\/li>\n<li>Rica en antioxidantes de proantocianidina. Estimula la circulaci\u00f3n sangu\u00ednea.<\/li>\n<li>Ayuda a desarrollar la virilidad masculina y rejuvenecer el cuerpo.<\/li>\n<\/ul>\n<h2><strong>MODO DE CONSUMO<\/strong><\/h2>\n<p>Para aumentar un funcionamiento bueno consumir 10 gr diarios (media hora antes de los desayunos).<\/p>\n","protected":false},"excerpt":{"rendered":"<p>La Maca negra es un s\u00faper alimento originario de los Andes del Per\u00fa, conocido por sus grandes beneficios nutricionales, entre sus muchas otras propiedades, por su capacidad de mejorar la funci\u00f3n sexual y, mejorar la fertilidad tambi\u00e9n. Ambas especies tienen como propiedades en com\u00fan, la mejora del rendimiento y el libido, es por eso que al combinarlas resultan grandes aliados para la potencia masculina.<\/p>\n","protected":false},"featured_media":1257,"comment_status":"open","ping_status":"closed","template":"","meta":{"_uag_custom_page_level_css":"","site-sidebar-layout":"default","site-content-layout":"default","ast-global-header-display":"","ast-banner-title-visibility":"","ast-main-header-display":"","ast-hfb-above-header-display":"","ast-hfb-below-header-display":"","ast-hfb-mobile-header-display":"","site-post-title":"","ast-breadcrumbs-content":"","ast-featured-img":"","footer-sml-layout":"","theme-transparent-header-meta":"default","adv-header-id-meta":"","stick-header-meta":"","header-above-stick-meta":"","header-main-stick-meta":"","header-below-stick-meta":"","_joinchat":[]},"product_cat":[28],"product_tag":[39,40],"uagb_featured_image_src":{"full":["https:\/\/naturasanaperu.com\/wp-content\/uploads\/2023\/06\/maca-negra-3.png",1058,1058,false],"thumbnail":["https:\/\/naturasanaperu.com\/wp-content\/uploads\/2023\/06\/maca-negra-3-150x150.png",150,150,true],"medium":["https:\/\/naturasanaperu.com\/wp-content\/uploads\/2023\/06\/maca-negra-3-300x300.png",300,300,true],"medium_large":["https:\/\/naturasanaperu.com\/wp-content\/uploads\/2023\/06\/maca-negra-3-768x768.png",768,768,true],"large":["https:\/\/naturasanaperu.com\/wp-content\/uploads\/2023\/06\/maca-negra-3-1024x1024.png",1024,1024,true],"1536x1536":["https:\/\/naturasanaperu.com\/wp-content\/uploads\/2023\/06\/maca-negra-3.png",1058,1058,false],"2048x2048":["https:\/\/naturasanaperu.com\/wp-content\/uploads\/2023\/06\/maca-negra-3.png",1058,1058,false],"depicter-thumbnail":["https:\/\/naturasanaperu.com\/wp-content\/uploads\/2023\/06\/maca-negra-3-200x200.png",200,200,true],"woocommerce_thumbnail":["https:\/\/naturasanaperu.com\/wp-content\/uploads\/2023\/06\/maca-negra-3-300x300.png",300,300,true],"woocommerce_single":["https:\/\/naturasanaperu.com\/wp-content\/uploads\/2023\/06\/maca-negra-3-600x600.png",600,600,true],"woocommerce_gallery_thumbnail":["https:\/\/naturasanaperu.com\/wp-content\/uploads\/2023\/06\/maca-negra-3-100x100.png",100,100,true],"variation_swatches_image_size":["https:\/\/naturasanaperu.com\/wp-content\/uploads\/2023\/06\/maca-negra-3-50x50.png",50,50,true],"variation_swatches_tooltip_size":["https:\/\/naturasanaperu.com\/wp-content\/uploads\/2023\/06\/maca-negra-3-100x100.png",100,100,true],"dgwt-wcas-product-suggestion":["https:\/\/naturasanaperu.com\/wp-content\/uploads\/2023\/06\/maca-negra-3-64x64.png",64,64,true]},"uagb_author_info":{"display_name":"naturasana_1@hotmail.com","author_link":"https:\/\/naturasanaperu.com\/index.php\/author\/"},"uagb_comment_info":0,"uagb_excerpt":"La Maca negra es un s\u00faper alimento originario de los Andes del Per\u00fa, conocido por sus grandes beneficios nutricionales, entre sus muchas otras propiedades, por su capacidad de mejorar la funci\u00f3n sexual y, mejorar la fertilidad tambi\u00e9n. Ambas especies tienen como propiedades en com\u00fan, la mejora del rendimiento y el libido, es por eso que&hellip;","_links":{"self":[{"href":"https:\/\/naturasanaperu.com\/index.php\/wp-json\/wp\/v2\/product\/1283"}],"collection":[{"href":"https:\/\/naturasanaperu.com\/index.php\/wp-json\/wp\/v2\/product"}],"about":[{"href":"https:\/\/naturasanaperu.com\/index.php\/wp-json\/wp\/v2\/types\/product"}],"replies":[{"embeddable":true,"href":"https:\/\/naturasanaperu.com\/index.php\/wp-json\/wp\/v2\/comments?post=1283"}],"wp:featuredmedia":[{"embeddable":true,"href":"https:\/\/naturasanaperu.com\/index.php\/wp-json\/wp\/v2\/media\/1257"}],"wp:attachment":[{"href":"https:\/\/naturasanaperu.com\/index.php\/wp-json\/wp\/v2\/media?parent=1283"}],"wp:term":[{"taxonomy":"product_cat","embeddable":true,"href":"https:\/\/naturasanaperu.com\/index.php\/wp-json\/wp\/v2\/product_cat?post=1283"},{"taxonomy":"product_tag","embeddable":true,"href":"https:\/\/naturasanaperu.com\/index.php\/wp-json\/wp\/v2\/product_tag?post=1283"}],"curies":[{"name":"wp","href":"https:\/\/api.w.org\/{rel}","templated":true}]}}