{"id":1307,"date":"2023-06-21T23:02:38","date_gmt":"2023-06-21T23:02:38","guid":{"rendered":"https:\/\/naturasanaperu.com\/?post_type=product&#038;p=1307"},"modified":"2023-06-22T22:24:29","modified_gmt":"2023-06-22T22:24:29","slug":"aguaje-2","status":"publish","type":"product","link":"https:\/\/naturasanaperu.com\/index.php\/product\/aguaje-2\/","title":{"rendered":"AGUAJE"},"content":{"rendered":"<div>\n<p>Esta maravillosa fruta ayuda con los s\u00edntomas de la menopausia, deficiencia de estr\u00f3genos, osteoporosis, debido a que posee hormonas femeninas como el fitoestr\u00f3genos, raz\u00f3n por la que se le atribuye al Aguaje la exuberancia y belleza de las mujeres de la selva peruana, quienes la consumen regularmente. Esto no tiene efecto sobre el hombre, ya que no altera sus niveles hormonales.<\/p>\n<h2><strong>BENEFICIOS<\/strong><\/h2>\n<p>Cuando se consume la fruta del aguaje, obtienes grandes beneficios de esta maravillosa planta, tales como:<\/p>\n<ul>\n<li>Nutre de manera exitosa la piel y es un potente antioxidante por su concentrado en vitamina E.<\/li>\n<li>Detiene el crecimiento y desarrollo de tumores.<\/li>\n<li>Reduce el riesgo de padecimiento de c\u00e1ncer, especialmente de pr\u00f3stata, mama y colon.<\/li>\n<li>Reduce el riesgo de padecer enfermedades cardiacas y cardiovasculares.<\/li>\n<li>Es ideal para mantener estable los niveles hormonales, sus efectos positivos pueden reflejarse en la reducci\u00f3n de complicaciones de piel como el acn\u00e9.<\/li>\n<li>En la mujer, trabaja como agente modelador del cuerpo, gracias a la presencia de sitosterol, generador de hormonas femeninas de tipo esteroide.<\/li>\n<li>Mejora la calidad de los estr\u00f3genos (hormonas sexuales femeninas).<\/li>\n<\/ul>\n<\/div>\n<h2><strong>MODO DE CONSUMO<\/strong><\/h2>\n<p>Para aumentar un funcionamiento bueno consumir 10 gr diarios (media hora antes de los desayunos).<\/p>\n","protected":false},"excerpt":{"rendered":"<p>El aguaje es uno de los frutos ex\u00f3ticos m\u00e1s destacado de la selva amaz\u00f3nica peruana. Su sabor es agridulce. Proviene de un \u00e1rbol considerado por sus lugare\u00f1os como \u00e1rbol de la vida, contiene una gran variedad de vitaminas y minerales que se usan como suplemento para mayor calidad de vida.<\/p>\n<p>Esta fruta contiene 21 a 38 veces m\u00e1s provitamina A que la zanahoria, contiene de 25 a 31 veces m\u00e1s vitamina E en comparaci\u00f3n con el aguacate, nivela a la naranja y el lim\u00f3n en su alto contenido de vitamina C.<\/p>\n","protected":false},"featured_media":1249,"comment_status":"open","ping_status":"closed","template":"","meta":{"_uag_custom_page_level_css":"","site-sidebar-layout":"default","site-content-layout":"default","ast-global-header-display":"","ast-banner-title-visibility":"","ast-main-header-display":"","ast-hfb-above-header-display":"","ast-hfb-below-header-display":"","ast-hfb-mobile-header-display":"","site-post-title":"","ast-breadcrumbs-content":"","ast-featured-img":"","footer-sml-layout":"","theme-transparent-header-meta":"default","adv-header-id-meta":"","stick-header-meta":"","header-above-stick-meta":"","header-main-stick-meta":"","header-below-stick-meta":"","_joinchat":[]},"product_cat":[28],"product_tag":[30,38],"uagb_featured_image_src":{"full":["https:\/\/naturasanaperu.com\/wp-content\/uploads\/2023\/06\/AGUAJE-3.png",1058,1058,false],"thumbnail":["https:\/\/naturasanaperu.com\/wp-content\/uploads\/2023\/06\/AGUAJE-3-150x150.png",150,150,true],"medium":["https:\/\/naturasanaperu.com\/wp-content\/uploads\/2023\/06\/AGUAJE-3-300x300.png",300,300,true],"medium_large":["https:\/\/naturasanaperu.com\/wp-content\/uploads\/2023\/06\/AGUAJE-3-768x768.png",768,768,true],"large":["https:\/\/naturasanaperu.com\/wp-content\/uploads\/2023\/06\/AGUAJE-3-1024x1024.png",1024,1024,true],"1536x1536":["https:\/\/naturasanaperu.com\/wp-content\/uploads\/2023\/06\/AGUAJE-3.png",1058,1058,false],"2048x2048":["https:\/\/naturasanaperu.com\/wp-content\/uploads\/2023\/06\/AGUAJE-3.png",1058,1058,false],"depicter-thumbnail":["https:\/\/naturasanaperu.com\/wp-content\/uploads\/2023\/06\/AGUAJE-3-200x200.png",200,200,true],"woocommerce_thumbnail":["https:\/\/naturasanaperu.com\/wp-content\/uploads\/2023\/06\/AGUAJE-3-300x300.png",300,300,true],"woocommerce_single":["https:\/\/naturasanaperu.com\/wp-content\/uploads\/2023\/06\/AGUAJE-3-600x600.png",600,600,true],"woocommerce_gallery_thumbnail":["https:\/\/naturasanaperu.com\/wp-content\/uploads\/2023\/06\/AGUAJE-3-100x100.png",100,100,true],"variation_swatches_image_size":["https:\/\/naturasanaperu.com\/wp-content\/uploads\/2023\/06\/AGUAJE-3-50x50.png",50,50,true],"variation_swatches_tooltip_size":["https:\/\/naturasanaperu.com\/wp-content\/uploads\/2023\/06\/AGUAJE-3-100x100.png",100,100,true],"dgwt-wcas-product-suggestion":["https:\/\/naturasanaperu.com\/wp-content\/uploads\/2023\/06\/AGUAJE-3-64x64.png",64,64,true]},"uagb_author_info":{"display_name":"naturasana_1@hotmail.com","author_link":"https:\/\/naturasanaperu.com\/index.php\/author\/"},"uagb_comment_info":0,"uagb_excerpt":"El aguaje es uno de los frutos ex\u00f3ticos m\u00e1s destacado de la selva amaz\u00f3nica peruana. Su sabor es agridulce. Proviene de un \u00e1rbol considerado por sus lugare\u00f1os como \u00e1rbol de la vida, contiene una gran variedad de vitaminas y minerales que se usan como suplemento para mayor calidad de vida. Esta fruta contiene 21 a&hellip;","_links":{"self":[{"href":"https:\/\/naturasanaperu.com\/index.php\/wp-json\/wp\/v2\/product\/1307"}],"collection":[{"href":"https:\/\/naturasanaperu.com\/index.php\/wp-json\/wp\/v2\/product"}],"about":[{"href":"https:\/\/naturasanaperu.com\/index.php\/wp-json\/wp\/v2\/types\/product"}],"replies":[{"embeddable":true,"href":"https:\/\/naturasanaperu.com\/index.php\/wp-json\/wp\/v2\/comments?post=1307"}],"wp:featuredmedia":[{"embeddable":true,"href":"https:\/\/naturasanaperu.com\/index.php\/wp-json\/wp\/v2\/media\/1249"}],"wp:attachment":[{"href":"https:\/\/naturasanaperu.com\/index.php\/wp-json\/wp\/v2\/media?parent=1307"}],"wp:term":[{"taxonomy":"product_cat","embeddable":true,"href":"https:\/\/naturasanaperu.com\/index.php\/wp-json\/wp\/v2\/product_cat?post=1307"},{"taxonomy":"product_tag","embeddable":true,"href":"https:\/\/naturasanaperu.com\/index.php\/wp-json\/wp\/v2\/product_tag?post=1307"}],"curies":[{"name":"wp","href":"https:\/\/api.w.org\/{rel}","templated":true}]}}