{"id":1495,"date":"2024-08-15T00:08:39","date_gmt":"2024-08-15T00:08:39","guid":{"rendered":"https:\/\/naturasanaperu.com\/?post_type=product&#038;p=1495"},"modified":"2024-08-15T00:09:08","modified_gmt":"2024-08-15T00:09:08","slug":"b-complex","status":"publish","type":"product","link":"https:\/\/naturasanaperu.com\/index.php\/product\/b-complex\/","title":{"rendered":"B COMPLEX"},"content":{"rendered":"<p>B Complex es el principal funci\u00f3n del col\u00e1geno es la de crear y mantener las estructuras de los tejidos que forman el organismo, incluida la piel, por lo que tiene una importancia decisiva en propiedades como la firmeza y flexibilidad. El aspecto de la piel, las u\u00f1as o el cabello dependen considerablemente de esta prote\u00edna.<\/p>\n<h2><strong>BENEFICIOS<\/strong><\/h2>\n<p>Para obtener resultados excelentes en el consumo de este producto seguir las indicaciones del modo de consumo.<\/p>\n<ul>\n<li>Puede mejorar la salud de la piel.<\/li>\n<li>Ayuda a aliviar el dolor de las articulaciones.<\/li>\n<li>Podr\u00eda prevenir la p\u00e9rdida \u00f3sea.<\/li>\n<li>Podr\u00eda aumentar la masa muscular.<\/li>\n<li>Promueve la salud del coraz\u00f3n.<\/li>\n<li>Otros beneficios para la salud.<\/li>\n<li>Alimentos que contienen col\u00e1geno.<\/li>\n<\/ul>\n<h2><strong>MODO DE CONSUMO<\/strong><\/h2>\n<p>La dosis diaria recomendada es de (01) c\u00e1psula 3 veces al d\u00eda con cada comida. Se puede tomar con agua o zumo de frutas natural.<\/p>\n","protected":false},"excerpt":{"rendered":"<p>Women&#8217;s Collagen es el principal funci\u00f3n del col\u00e1geno es la de crear y mantener las estructuras de los tejidos que forman el organismo, incluida la piel, por lo que tiene una importancia decisiva en propiedades como la firmeza y flexibilidad. El aspecto de la piel, las u\u00f1as o el cabello dependen considerablemente de esta prote\u00edna.<\/p>\n<p>NaturaSana se esfuerza para ofrecerte alimentos y suplementos de la mejor calidad con ingredientes naturales.<\/p>\n","protected":false},"featured_media":1483,"comment_status":"open","ping_status":"closed","template":"","meta":{"_uag_custom_page_level_css":"","site-sidebar-layout":"default","site-content-layout":"default","ast-global-header-display":"","ast-banner-title-visibility":"","ast-main-header-display":"","ast-hfb-above-header-display":"","ast-hfb-below-header-display":"","ast-hfb-mobile-header-display":"","site-post-title":"","ast-breadcrumbs-content":"","ast-featured-img":"","footer-sml-layout":"","theme-transparent-header-meta":"default","adv-header-id-meta":"","stick-header-meta":"","header-above-stick-meta":"","header-main-stick-meta":"","header-below-stick-meta":"","_joinchat":[]},"product_cat":[23],"product_tag":[],"uagb_featured_image_src":{"full":["https:\/\/naturasanaperu.com\/wp-content\/uploads\/2024\/08\/6.png",1058,1058,false],"thumbnail":["https:\/\/naturasanaperu.com\/wp-content\/uploads\/2024\/08\/6-150x150.png",150,150,true],"medium":["https:\/\/naturasanaperu.com\/wp-content\/uploads\/2024\/08\/6-300x300.png",300,300,true],"medium_large":["https:\/\/naturasanaperu.com\/wp-content\/uploads\/2024\/08\/6-768x768.png",768,768,true],"large":["https:\/\/naturasanaperu.com\/wp-content\/uploads\/2024\/08\/6-1024x1024.png",1024,1024,true],"1536x1536":["https:\/\/naturasanaperu.com\/wp-content\/uploads\/2024\/08\/6.png",1058,1058,false],"2048x2048":["https:\/\/naturasanaperu.com\/wp-content\/uploads\/2024\/08\/6.png",1058,1058,false],"depicter-thumbnail":["https:\/\/naturasanaperu.com\/wp-content\/uploads\/2024\/08\/6-200x200.png",200,200,true],"woocommerce_thumbnail":["https:\/\/naturasanaperu.com\/wp-content\/uploads\/2024\/08\/6-300x300.png",300,300,true],"woocommerce_single":["https:\/\/naturasanaperu.com\/wp-content\/uploads\/2024\/08\/6-600x600.png",600,600,true],"woocommerce_gallery_thumbnail":["https:\/\/naturasanaperu.com\/wp-content\/uploads\/2024\/08\/6-100x100.png",100,100,true],"variation_swatches_image_size":["https:\/\/naturasanaperu.com\/wp-content\/uploads\/2024\/08\/6-50x50.png",50,50,true],"variation_swatches_tooltip_size":["https:\/\/naturasanaperu.com\/wp-content\/uploads\/2024\/08\/6-100x100.png",100,100,true],"dgwt-wcas-product-suggestion":["https:\/\/naturasanaperu.com\/wp-content\/uploads\/2024\/08\/6-64x64.png",64,64,true]},"uagb_author_info":{"display_name":"naturasana_1@hotmail.com","author_link":"https:\/\/naturasanaperu.com\/index.php\/author\/"},"uagb_comment_info":0,"uagb_excerpt":"Women's Collagen es el principal funci\u00f3n del col\u00e1geno es la de crear y mantener las estructuras de los tejidos que forman el organismo, incluida la piel, por lo que tiene una importancia decisiva en propiedades como la firmeza y flexibilidad. El aspecto de la piel, las u\u00f1as o el cabello dependen considerablemente de esta prote\u00edna.&hellip;","_links":{"self":[{"href":"https:\/\/naturasanaperu.com\/index.php\/wp-json\/wp\/v2\/product\/1495"}],"collection":[{"href":"https:\/\/naturasanaperu.com\/index.php\/wp-json\/wp\/v2\/product"}],"about":[{"href":"https:\/\/naturasanaperu.com\/index.php\/wp-json\/wp\/v2\/types\/product"}],"replies":[{"embeddable":true,"href":"https:\/\/naturasanaperu.com\/index.php\/wp-json\/wp\/v2\/comments?post=1495"}],"wp:featuredmedia":[{"embeddable":true,"href":"https:\/\/naturasanaperu.com\/index.php\/wp-json\/wp\/v2\/media\/1483"}],"wp:attachment":[{"href":"https:\/\/naturasanaperu.com\/index.php\/wp-json\/wp\/v2\/media?parent=1495"}],"wp:term":[{"taxonomy":"product_cat","embeddable":true,"href":"https:\/\/naturasanaperu.com\/index.php\/wp-json\/wp\/v2\/product_cat?post=1495"},{"taxonomy":"product_tag","embeddable":true,"href":"https:\/\/naturasanaperu.com\/index.php\/wp-json\/wp\/v2\/product_tag?post=1495"}],"curies":[{"name":"wp","href":"https:\/\/api.w.org\/{rel}","templated":true}]}}