{"id":904,"date":"2023-06-13T03:37:05","date_gmt":"2023-06-13T03:37:05","guid":{"rendered":"https:\/\/naturasanaperu.com\/?post_type=product&#038;p=904"},"modified":"2023-06-13T03:49:11","modified_gmt":"2023-06-13T03:49:11","slug":"algas-marinas","status":"publish","type":"product","link":"https:\/\/naturasanaperu.com\/index.php\/product\/algas-marinas\/","title":{"rendered":"ALGAS MARINAS"},"content":{"rendered":"<p>Las Capsulas de algas marinas contienen grandes cantidades de vitaminas C, B1, A y ayuda a la disoluci\u00f3n y eliminaci\u00f3n de dep\u00f3sitos grasos. Es muy buena para disminuir el nivel del colesterol y adem\u00e1s favorece la p\u00e9rdida de peso. Es un antibi\u00f3tico natural que ayuda a combatir infecciones. &#8230; Muy rica en vitaminas y en minerales.<\/p>\n<h2><strong>BENEFICIOS<\/strong><\/h2>\n<p>Los beneficios de Harina de algas marinas incluyen:<\/p>\n<ul>\n<li>\u00a0 \u00a0 Ayudar a que se desencadenen m\u00e1s de 300 reacciones enzim\u00e1ticas<\/li>\n<li>\u00a0 \u00a0 Ayudar a relajar los m\u00fasculos y evitar el dolor muscular y articular<\/li>\n<li>\u00a0 \u00a0 Ayudar a estabilizar la insulina y el az\u00facar en la sangre<\/li>\n<li>\u00a0 \u00a0 Mantener la salud cardiaca<\/li>\n<li>\u00a0 \u00a0 Equilibrar las hormonas de los hombres y las mujeres<\/li>\n<li>\u00a0 \u00a0 Ayudar a gestionar distintos estados de \u00e1nimo<\/li>\n<\/ul>\n<h2><strong>MODO DE CONSUMO<\/strong><\/h2>\n<p>La dosis diaria recomendada es de (01) c\u00e1psula 3 veces al d\u00eda con cada comida. Se puede tomar con agua o zumo de frutas natural.<\/p>\n","protected":false},"excerpt":{"rendered":"<p>Las Capsulas de algas marinas contienen grandes cantidades de vitaminas C, B1, A y ayuda a la disoluci\u00f3n y eliminaci\u00f3n de dep\u00f3sitos grasos. Es muy buena para disminuir el nivel del colesterol y adem\u00e1s favorece la p\u00e9rdida de peso. Es un antibi\u00f3tico natural que ayuda a combatir infecciones. &#8230; Muy rica en vitaminas y en minerales.<\/p>\n","protected":false},"featured_media":869,"comment_status":"open","ping_status":"closed","template":"","meta":{"_uag_custom_page_level_css":"","site-sidebar-layout":"default","site-content-layout":"default","ast-global-header-display":"","ast-banner-title-visibility":"","ast-main-header-display":"","ast-hfb-above-header-display":"","ast-hfb-below-header-display":"","ast-hfb-mobile-header-display":"","site-post-title":"","ast-breadcrumbs-content":"","ast-featured-img":"","footer-sml-layout":"","theme-transparent-header-meta":"default","adv-header-id-meta":"","stick-header-meta":"","header-above-stick-meta":"","header-main-stick-meta":"","header-below-stick-meta":"","_joinchat":[]},"product_cat":[23],"product_tag":[],"uagb_featured_image_src":{"full":["https:\/\/naturasanaperu.com\/wp-content\/uploads\/2023\/06\/algas-marinas.png",1058,1058,false],"thumbnail":["https:\/\/naturasanaperu.com\/wp-content\/uploads\/2023\/06\/algas-marinas-150x150.png",150,150,true],"medium":["https:\/\/naturasanaperu.com\/wp-content\/uploads\/2023\/06\/algas-marinas-300x300.png",300,300,true],"medium_large":["https:\/\/naturasanaperu.com\/wp-content\/uploads\/2023\/06\/algas-marinas-768x768.png",768,768,true],"large":["https:\/\/naturasanaperu.com\/wp-content\/uploads\/2023\/06\/algas-marinas-1024x1024.png",1024,1024,true],"1536x1536":["https:\/\/naturasanaperu.com\/wp-content\/uploads\/2023\/06\/algas-marinas.png",1058,1058,false],"2048x2048":["https:\/\/naturasanaperu.com\/wp-content\/uploads\/2023\/06\/algas-marinas.png",1058,1058,false],"depicter-thumbnail":["https:\/\/naturasanaperu.com\/wp-content\/uploads\/2023\/06\/algas-marinas-200x200.png",200,200,true],"woocommerce_thumbnail":["https:\/\/naturasanaperu.com\/wp-content\/uploads\/2023\/06\/algas-marinas-300x300.png",300,300,true],"woocommerce_single":["https:\/\/naturasanaperu.com\/wp-content\/uploads\/2023\/06\/algas-marinas-600x600.png",600,600,true],"woocommerce_gallery_thumbnail":["https:\/\/naturasanaperu.com\/wp-content\/uploads\/2023\/06\/algas-marinas-100x100.png",100,100,true],"variation_swatches_image_size":["https:\/\/naturasanaperu.com\/wp-content\/uploads\/2023\/06\/algas-marinas.png",50,50,false],"variation_swatches_tooltip_size":["https:\/\/naturasanaperu.com\/wp-content\/uploads\/2023\/06\/algas-marinas.png",100,100,false],"dgwt-wcas-product-suggestion":["https:\/\/naturasanaperu.com\/wp-content\/uploads\/2023\/06\/algas-marinas-64x64.png",64,64,true]},"uagb_author_info":{"display_name":"naturasana_1@hotmail.com","author_link":"https:\/\/naturasanaperu.com\/index.php\/author\/"},"uagb_comment_info":0,"uagb_excerpt":"Las Capsulas de algas marinas contienen grandes cantidades de vitaminas C, B1, A y ayuda a la disoluci\u00f3n y eliminaci\u00f3n de dep\u00f3sitos grasos. Es muy buena para disminuir el nivel del colesterol y adem\u00e1s favorece la p\u00e9rdida de peso. Es un antibi\u00f3tico natural que ayuda a combatir infecciones. ... Muy rica en vitaminas y en&hellip;","_links":{"self":[{"href":"https:\/\/naturasanaperu.com\/index.php\/wp-json\/wp\/v2\/product\/904"}],"collection":[{"href":"https:\/\/naturasanaperu.com\/index.php\/wp-json\/wp\/v2\/product"}],"about":[{"href":"https:\/\/naturasanaperu.com\/index.php\/wp-json\/wp\/v2\/types\/product"}],"replies":[{"embeddable":true,"href":"https:\/\/naturasanaperu.com\/index.php\/wp-json\/wp\/v2\/comments?post=904"}],"wp:featuredmedia":[{"embeddable":true,"href":"https:\/\/naturasanaperu.com\/index.php\/wp-json\/wp\/v2\/media\/869"}],"wp:attachment":[{"href":"https:\/\/naturasanaperu.com\/index.php\/wp-json\/wp\/v2\/media?parent=904"}],"wp:term":[{"taxonomy":"product_cat","embeddable":true,"href":"https:\/\/naturasanaperu.com\/index.php\/wp-json\/wp\/v2\/product_cat?post=904"},{"taxonomy":"product_tag","embeddable":true,"href":"https:\/\/naturasanaperu.com\/index.php\/wp-json\/wp\/v2\/product_tag?post=904"}],"curies":[{"name":"wp","href":"https:\/\/api.w.org\/{rel}","templated":true}]}}