{"id":908,"date":"2023-06-13T06:36:09","date_gmt":"2023-06-13T06:36:09","guid":{"rendered":"https:\/\/naturasanaperu.com\/?post_type=product&#038;p=908"},"modified":"2023-06-13T06:39:33","modified_gmt":"2023-06-13T06:39:33","slug":"chupa-panza","status":"publish","type":"product","link":"https:\/\/naturasanaperu.com\/index.php\/product\/chupa-panza\/","title":{"rendered":"CHUPA PANZA"},"content":{"rendered":"<p>Chupa Panza es un suplemento 100% natural, no contiene ning\u00fan componente qu\u00edmico. Este compuesto clave se dirige a los dep\u00f3sitos de grasa y trabaja para quemarlos mientras previene que los hidratos de carbono consumidos se conviertan en grasa adicional. El principal mecanismo de acci\u00f3n es el bloqueo de los receptores responsables del gusto, lo que ayuda a una persona a controlar mejor la necesidad de alimentos.<\/p>\n<h2><strong>BENEFICIOS<\/strong><\/h2>\n<ul>\n<li>La combinaci\u00f3n de estos ingredientes da como resultado una aceleraci\u00f3n del metabolismo, puesto que algunos de ellos aceleran la quema de grasas al transportar los \u00e1cidos grasos.<\/li>\n<li>Favorecen el tr\u00e1nsito intestinal evitando la formaci\u00f3n de c\u00e9lulas grasas.<\/li>\n<li>Ayudan al cuerpo de problemas de colesterol y triglic\u00e9ridos.<\/li>\n<li>Activo (acelera quema de grasa al transportar los \u00e1cidos grasos, reconstruye las fibras de col\u00e1geno por lo que favorece la desaparici\u00f3n de estr\u00edas y eleva la elasticidad de la piel).<\/li>\n<\/ul>\n<h2><strong>MODO DE CONSUMO<\/strong><\/h2>\n<p>La dosis diaria recomendada es de (01) c\u00e1psula 3 veces al d\u00eda con cada comida. Se puede tomar con agua o zumo de frutas natural.<\/p>\n","protected":false},"excerpt":{"rendered":"<p>Chupa Panza es un suplemento 100% natural, no contiene ning\u00fan componente qu\u00edmico. Este compuesto clave se dirige a los dep\u00f3sitos de grasa y trabaja para quemarlos mientras previene que los hidratos de carbono consumidos se conviertan en grasa adicional. El principal mecanismo de acci\u00f3n es el bloqueo de los receptores responsables del gusto, lo que ayuda a una persona a controlar mejor la necesidad de alimentos.<\/p>\n","protected":false},"featured_media":873,"comment_status":"open","ping_status":"closed","template":"","meta":{"_uag_custom_page_level_css":"","site-sidebar-layout":"default","site-content-layout":"default","ast-global-header-display":"","ast-banner-title-visibility":"","ast-main-header-display":"","ast-hfb-above-header-display":"","ast-hfb-below-header-display":"","ast-hfb-mobile-header-display":"","site-post-title":"","ast-breadcrumbs-content":"","ast-featured-img":"","footer-sml-layout":"","theme-transparent-header-meta":"default","adv-header-id-meta":"","stick-header-meta":"","header-above-stick-meta":"","header-main-stick-meta":"","header-below-stick-meta":"","_joinchat":[]},"product_cat":[23],"product_tag":[38],"uagb_featured_image_src":{"full":["https:\/\/naturasanaperu.com\/wp-content\/uploads\/2023\/06\/chupa-panza.png",1058,1058,false],"thumbnail":["https:\/\/naturasanaperu.com\/wp-content\/uploads\/2023\/06\/chupa-panza-150x150.png",150,150,true],"medium":["https:\/\/naturasanaperu.com\/wp-content\/uploads\/2023\/06\/chupa-panza-300x300.png",300,300,true],"medium_large":["https:\/\/naturasanaperu.com\/wp-content\/uploads\/2023\/06\/chupa-panza-768x768.png",768,768,true],"large":["https:\/\/naturasanaperu.com\/wp-content\/uploads\/2023\/06\/chupa-panza-1024x1024.png",1024,1024,true],"1536x1536":["https:\/\/naturasanaperu.com\/wp-content\/uploads\/2023\/06\/chupa-panza.png",1058,1058,false],"2048x2048":["https:\/\/naturasanaperu.com\/wp-content\/uploads\/2023\/06\/chupa-panza.png",1058,1058,false],"depicter-thumbnail":["https:\/\/naturasanaperu.com\/wp-content\/uploads\/2023\/06\/chupa-panza-200x200.png",200,200,true],"woocommerce_thumbnail":["https:\/\/naturasanaperu.com\/wp-content\/uploads\/2023\/06\/chupa-panza-300x300.png",300,300,true],"woocommerce_single":["https:\/\/naturasanaperu.com\/wp-content\/uploads\/2023\/06\/chupa-panza-600x600.png",600,600,true],"woocommerce_gallery_thumbnail":["https:\/\/naturasanaperu.com\/wp-content\/uploads\/2023\/06\/chupa-panza-100x100.png",100,100,true],"variation_swatches_image_size":["https:\/\/naturasanaperu.com\/wp-content\/uploads\/2023\/06\/chupa-panza.png",50,50,false],"variation_swatches_tooltip_size":["https:\/\/naturasanaperu.com\/wp-content\/uploads\/2023\/06\/chupa-panza.png",100,100,false],"dgwt-wcas-product-suggestion":["https:\/\/naturasanaperu.com\/wp-content\/uploads\/2023\/06\/chupa-panza-64x64.png",64,64,true]},"uagb_author_info":{"display_name":"naturasana_1@hotmail.com","author_link":"https:\/\/naturasanaperu.com\/index.php\/author\/"},"uagb_comment_info":0,"uagb_excerpt":"Chupa Panza es un suplemento 100% natural, no contiene ning\u00fan componente qu\u00edmico. Este compuesto clave se dirige a los dep\u00f3sitos de grasa y trabaja para quemarlos mientras previene que los hidratos de carbono consumidos se conviertan en grasa adicional. El principal mecanismo de acci\u00f3n es el bloqueo de los receptores responsables del gusto, lo que&hellip;","_links":{"self":[{"href":"https:\/\/naturasanaperu.com\/index.php\/wp-json\/wp\/v2\/product\/908"}],"collection":[{"href":"https:\/\/naturasanaperu.com\/index.php\/wp-json\/wp\/v2\/product"}],"about":[{"href":"https:\/\/naturasanaperu.com\/index.php\/wp-json\/wp\/v2\/types\/product"}],"replies":[{"embeddable":true,"href":"https:\/\/naturasanaperu.com\/index.php\/wp-json\/wp\/v2\/comments?post=908"}],"wp:featuredmedia":[{"embeddable":true,"href":"https:\/\/naturasanaperu.com\/index.php\/wp-json\/wp\/v2\/media\/873"}],"wp:attachment":[{"href":"https:\/\/naturasanaperu.com\/index.php\/wp-json\/wp\/v2\/media?parent=908"}],"wp:term":[{"taxonomy":"product_cat","embeddable":true,"href":"https:\/\/naturasanaperu.com\/index.php\/wp-json\/wp\/v2\/product_cat?post=908"},{"taxonomy":"product_tag","embeddable":true,"href":"https:\/\/naturasanaperu.com\/index.php\/wp-json\/wp\/v2\/product_tag?post=908"}],"curies":[{"name":"wp","href":"https:\/\/api.w.org\/{rel}","templated":true}]}}