{"id":910,"date":"2023-06-13T06:41:38","date_gmt":"2023-06-13T06:41:38","guid":{"rendered":"https:\/\/naturasanaperu.com\/?post_type=product&#038;p=910"},"modified":"2023-06-13T06:43:42","modified_gmt":"2023-06-13T06:43:42","slug":"colageno-camu","status":"publish","type":"product","link":"https:\/\/naturasanaperu.com\/index.php\/product\/colageno-camu\/","title":{"rendered":"COLAGENO CAMU CAMU"},"content":{"rendered":"<p>El colageno + camu camu contiene un componente importante para regenerar las c\u00e9lulas da\u00f1adas las articulaciones a causa de la edad o alg\u00fan accidente. Tambi\u00e9n puede ayudar a regenerar piel, tendones y muchos tejidos, adem\u00e1s del cabello y las u\u00f1as. Ya que el cuerpo humano deja de producir col\u00e1geno a partir de los 25 a\u00f1os y es necesario consumirlo de la manera m\u00e1s pura posible. Que mejor opci\u00f3n que el Col\u00e1geno Hidrolizado + camu camu, brinda firmeza y elasticidad a tu piel fortaleciendo el crecimiento de tu cabello y u\u00f1as, siendo asimilado m\u00e1s f\u00e1cilmente.<\/p>\n<h2><strong>BENEFICIOS<\/strong><\/h2>\n<p>Para obtener resultados excelentes en el consumo de este producto seguir las indicaciones del modo de consumo.<\/p>\n<ul>\n<li>Fortalece los huesos y articulaciones.<\/li>\n<li>Combate los signos de la edad.<\/li>\n<li>Mejora la elasticidad de la piel y previene el envejecimiento.<\/li>\n<\/ul>\n<h2><strong>MODO DE CONSUMO<\/strong><\/h2>\n<p>La dosis diaria recomendada es de (01) c\u00e1psula 3 veces al d\u00eda con cada comida. Se puede tomar con agua o zumo de frutas natural.<\/p>\n","protected":false},"excerpt":{"rendered":"<p>El colageno + camu camu contiene un componente importante para regenerar las c\u00e9lulas da\u00f1adas las articulaciones a causa de la edad o alg\u00fan accidente. Tambi\u00e9n puede ayudar a regenerar piel, tendones y muchos tejidos, adem\u00e1s del cabello y las u\u00f1as. Ya que el cuerpo humano deja de producir col\u00e1geno a partir de los 25 a\u00f1os y es necesario consumirlo de la manera m\u00e1s pura posible. Que mejor opci\u00f3n que el Col\u00e1geno Hidrolizado + camu camu, brinda firmeza y elasticidad a tu piel fortaleciendo el crecimiento de tu cabello y u\u00f1as, siendo asimilado m\u00e1s f\u00e1cilmente.<\/p>\n","protected":false},"featured_media":875,"comment_status":"open","ping_status":"closed","template":"","meta":{"_uag_custom_page_level_css":"","site-sidebar-layout":"default","site-content-layout":"default","ast-global-header-display":"","ast-banner-title-visibility":"","ast-main-header-display":"","ast-hfb-above-header-display":"","ast-hfb-below-header-display":"","ast-hfb-mobile-header-display":"","site-post-title":"","ast-breadcrumbs-content":"","ast-featured-img":"","footer-sml-layout":"","theme-transparent-header-meta":"default","adv-header-id-meta":"","stick-header-meta":"","header-above-stick-meta":"","header-main-stick-meta":"","header-below-stick-meta":"","_joinchat":[]},"product_cat":[23],"product_tag":[],"uagb_featured_image_src":{"full":["https:\/\/naturasanaperu.com\/wp-content\/uploads\/2023\/06\/colageno-camu-camu.png",1058,1058,false],"thumbnail":["https:\/\/naturasanaperu.com\/wp-content\/uploads\/2023\/06\/colageno-camu-camu-150x150.png",150,150,true],"medium":["https:\/\/naturasanaperu.com\/wp-content\/uploads\/2023\/06\/colageno-camu-camu-300x300.png",300,300,true],"medium_large":["https:\/\/naturasanaperu.com\/wp-content\/uploads\/2023\/06\/colageno-camu-camu-768x768.png",768,768,true],"large":["https:\/\/naturasanaperu.com\/wp-content\/uploads\/2023\/06\/colageno-camu-camu-1024x1024.png",1024,1024,true],"1536x1536":["https:\/\/naturasanaperu.com\/wp-content\/uploads\/2023\/06\/colageno-camu-camu.png",1058,1058,false],"2048x2048":["https:\/\/naturasanaperu.com\/wp-content\/uploads\/2023\/06\/colageno-camu-camu.png",1058,1058,false],"depicter-thumbnail":["https:\/\/naturasanaperu.com\/wp-content\/uploads\/2023\/06\/colageno-camu-camu-200x200.png",200,200,true],"woocommerce_thumbnail":["https:\/\/naturasanaperu.com\/wp-content\/uploads\/2023\/06\/colageno-camu-camu-300x300.png",300,300,true],"woocommerce_single":["https:\/\/naturasanaperu.com\/wp-content\/uploads\/2023\/06\/colageno-camu-camu-600x600.png",600,600,true],"woocommerce_gallery_thumbnail":["https:\/\/naturasanaperu.com\/wp-content\/uploads\/2023\/06\/colageno-camu-camu-100x100.png",100,100,true],"variation_swatches_image_size":["https:\/\/naturasanaperu.com\/wp-content\/uploads\/2023\/06\/colageno-camu-camu.png",50,50,false],"variation_swatches_tooltip_size":["https:\/\/naturasanaperu.com\/wp-content\/uploads\/2023\/06\/colageno-camu-camu.png",100,100,false],"dgwt-wcas-product-suggestion":["https:\/\/naturasanaperu.com\/wp-content\/uploads\/2023\/06\/colageno-camu-camu-64x64.png",64,64,true]},"uagb_author_info":{"display_name":"naturasana_1@hotmail.com","author_link":"https:\/\/naturasanaperu.com\/index.php\/author\/"},"uagb_comment_info":0,"uagb_excerpt":"El colageno + camu camu contiene un componente importante para regenerar las c\u00e9lulas da\u00f1adas las articulaciones a causa de la edad o alg\u00fan accidente. Tambi\u00e9n puede ayudar a regenerar piel, tendones y muchos tejidos, adem\u00e1s del cabello y las u\u00f1as. Ya que el cuerpo humano deja de producir col\u00e1geno a partir de los 25 a\u00f1os&hellip;","_links":{"self":[{"href":"https:\/\/naturasanaperu.com\/index.php\/wp-json\/wp\/v2\/product\/910"}],"collection":[{"href":"https:\/\/naturasanaperu.com\/index.php\/wp-json\/wp\/v2\/product"}],"about":[{"href":"https:\/\/naturasanaperu.com\/index.php\/wp-json\/wp\/v2\/types\/product"}],"replies":[{"embeddable":true,"href":"https:\/\/naturasanaperu.com\/index.php\/wp-json\/wp\/v2\/comments?post=910"}],"wp:featuredmedia":[{"embeddable":true,"href":"https:\/\/naturasanaperu.com\/index.php\/wp-json\/wp\/v2\/media\/875"}],"wp:attachment":[{"href":"https:\/\/naturasanaperu.com\/index.php\/wp-json\/wp\/v2\/media?parent=910"}],"wp:term":[{"taxonomy":"product_cat","embeddable":true,"href":"https:\/\/naturasanaperu.com\/index.php\/wp-json\/wp\/v2\/product_cat?post=910"},{"taxonomy":"product_tag","embeddable":true,"href":"https:\/\/naturasanaperu.com\/index.php\/wp-json\/wp\/v2\/product_tag?post=910"}],"curies":[{"name":"wp","href":"https:\/\/api.w.org\/{rel}","templated":true}]}}