{"id":913,"date":"2023-06-13T06:50:01","date_gmt":"2023-06-13T06:50:01","guid":{"rendered":"https:\/\/naturasanaperu.com\/?post_type=product&#038;p=913"},"modified":"2023-06-13T06:57:14","modified_gmt":"2023-06-13T06:57:14","slug":"detox","status":"publish","type":"product","link":"https:\/\/naturasanaperu.com\/index.php\/product\/detox\/","title":{"rendered":"DETOX"},"content":{"rendered":"<div>Detox ayuda saa tus \u00f3rganos encargados de limpiar tu organismo a funcionar de manera m\u00e1s eficiente y a evitar que se sobrecarguen.<\/div>\n<div>Detox c\u00e1psulas atrae, arrastra y elimina sustancias que te restan energ\u00eda y que con el tiempo pueden resultar da\u00f1inas para tu salud.<\/p>\n<div>Recuperar tu energ\u00eda con una buena salud digestiva refuerza tu inmunidad y mejora tus defensas.<\/div>\n<div><\/div>\n<\/div>\n<h2><strong>BENEFICIOS<\/strong><\/h2>\n<p>Para obtener resultados excelentes en el consumo de este producto seguir las indicaciones del modo de consumo.<\/p>\n<ul>\n<li>Desintoxica tu organismo<\/li>\n<li>Aporta fibra<\/li>\n<li>Contiene antioxidantes<\/li>\n<li>Revitaliza tu cuerpo<\/li>\n<li>Mejora tu flora gastrointestinal.<\/li>\n<\/ul>\n<h2><strong>MODO DE CONSUMO<\/strong><\/h2>\n<p>La dosis diaria recomendada es de (01) c\u00e1psula 3 veces al d\u00eda con cada comida. Se puede tomar con agua o zumo de frutas natural.<\/p>\n","protected":false},"excerpt":{"rendered":"<div>Detox ayuda saa tus \u00f3rganos encargados de limpiar tu organismo a funcionar de manera m\u00e1s eficiente y a evitar que se sobrecarguen.<\/div>\n<div>Detox c\u00e1psulas atrae, arrastra y elimina sustancias que te restan energ\u00eda y que con el tiempo pueden resultar da\u00f1inas para tu salud.<\/p>\n<div>Recuperar tu energ\u00eda con una buena salud digestiva refuerza tu inmunidad y mejora tus defensas.<\/div>\n<\/div>\n","protected":false},"featured_media":878,"comment_status":"open","ping_status":"closed","template":"","meta":{"_uag_custom_page_level_css":"","site-sidebar-layout":"default","site-content-layout":"default","ast-global-header-display":"","ast-banner-title-visibility":"","ast-main-header-display":"","ast-hfb-above-header-display":"","ast-hfb-below-header-display":"","ast-hfb-mobile-header-display":"","site-post-title":"","ast-breadcrumbs-content":"","ast-featured-img":"","footer-sml-layout":"","theme-transparent-header-meta":"default","adv-header-id-meta":"","stick-header-meta":"","header-above-stick-meta":"","header-main-stick-meta":"","header-below-stick-meta":"","_joinchat":[]},"product_cat":[23],"product_tag":[],"uagb_featured_image_src":{"full":["https:\/\/naturasanaperu.com\/wp-content\/uploads\/2023\/06\/detox.png",1058,1058,false],"thumbnail":["https:\/\/naturasanaperu.com\/wp-content\/uploads\/2023\/06\/detox-150x150.png",150,150,true],"medium":["https:\/\/naturasanaperu.com\/wp-content\/uploads\/2023\/06\/detox-300x300.png",300,300,true],"medium_large":["https:\/\/naturasanaperu.com\/wp-content\/uploads\/2023\/06\/detox-768x768.png",768,768,true],"large":["https:\/\/naturasanaperu.com\/wp-content\/uploads\/2023\/06\/detox-1024x1024.png",1024,1024,true],"1536x1536":["https:\/\/naturasanaperu.com\/wp-content\/uploads\/2023\/06\/detox.png",1058,1058,false],"2048x2048":["https:\/\/naturasanaperu.com\/wp-content\/uploads\/2023\/06\/detox.png",1058,1058,false],"depicter-thumbnail":["https:\/\/naturasanaperu.com\/wp-content\/uploads\/2023\/06\/detox-200x200.png",200,200,true],"woocommerce_thumbnail":["https:\/\/naturasanaperu.com\/wp-content\/uploads\/2023\/06\/detox-300x300.png",300,300,true],"woocommerce_single":["https:\/\/naturasanaperu.com\/wp-content\/uploads\/2023\/06\/detox-600x600.png",600,600,true],"woocommerce_gallery_thumbnail":["https:\/\/naturasanaperu.com\/wp-content\/uploads\/2023\/06\/detox-100x100.png",100,100,true],"variation_swatches_image_size":["https:\/\/naturasanaperu.com\/wp-content\/uploads\/2023\/06\/detox.png",50,50,false],"variation_swatches_tooltip_size":["https:\/\/naturasanaperu.com\/wp-content\/uploads\/2023\/06\/detox.png",100,100,false],"dgwt-wcas-product-suggestion":["https:\/\/naturasanaperu.com\/wp-content\/uploads\/2023\/06\/detox-64x64.png",64,64,true]},"uagb_author_info":{"display_name":"naturasana_1@hotmail.com","author_link":"https:\/\/naturasanaperu.com\/index.php\/author\/"},"uagb_comment_info":0,"uagb_excerpt":"Detox ayuda saa tus \u00f3rganos encargados de limpiar tu organismo a funcionar de manera m\u00e1s eficiente y a evitar que se sobrecarguen. Detox c\u00e1psulas atrae, arrastra y elimina sustancias que te restan energ\u00eda y que con el tiempo pueden resultar da\u00f1inas para tu salud. Recuperar tu energ\u00eda con una buena salud digestiva refuerza tu inmunidad&hellip;","_links":{"self":[{"href":"https:\/\/naturasanaperu.com\/index.php\/wp-json\/wp\/v2\/product\/913"}],"collection":[{"href":"https:\/\/naturasanaperu.com\/index.php\/wp-json\/wp\/v2\/product"}],"about":[{"href":"https:\/\/naturasanaperu.com\/index.php\/wp-json\/wp\/v2\/types\/product"}],"replies":[{"embeddable":true,"href":"https:\/\/naturasanaperu.com\/index.php\/wp-json\/wp\/v2\/comments?post=913"}],"wp:featuredmedia":[{"embeddable":true,"href":"https:\/\/naturasanaperu.com\/index.php\/wp-json\/wp\/v2\/media\/878"}],"wp:attachment":[{"href":"https:\/\/naturasanaperu.com\/index.php\/wp-json\/wp\/v2\/media?parent=913"}],"wp:term":[{"taxonomy":"product_cat","embeddable":true,"href":"https:\/\/naturasanaperu.com\/index.php\/wp-json\/wp\/v2\/product_cat?post=913"},{"taxonomy":"product_tag","embeddable":true,"href":"https:\/\/naturasanaperu.com\/index.php\/wp-json\/wp\/v2\/product_tag?post=913"}],"curies":[{"name":"wp","href":"https:\/\/api.w.org\/{rel}","templated":true}]}}