{"id":917,"date":"2023-06-14T00:59:19","date_gmt":"2023-06-14T00:59:19","guid":{"rendered":"https:\/\/naturasanaperu.com\/?post_type=product&#038;p=917"},"modified":"2023-06-14T02:01:29","modified_gmt":"2023-06-14T02:01:29","slug":"fibra-lass","status":"publish","type":"product","link":"https:\/\/naturasanaperu.com\/index.php\/product\/fibra-lass\/","title":{"rendered":"FIBRA LASS"},"content":{"rendered":"<div>\n<p>Fibra Lass regula el proceso digestivo haciendo que el est\u00f3mago funciones mejor combatiendo el estre\u00f1imiento y la pereza intestinal. Permite mayor asimilaci\u00f3n de calcio, f\u00f3sforo y vitaminas. Facilita la disminuci\u00f3n de peso.<\/p>\n<\/div>\n<div>\n<div><\/div>\n<\/div>\n<h2><strong>BENEFICIOS<\/strong><\/h2>\n<p>Para obtener resultados excelentes en el consumo de este producto seguir las indicaciones del modo de consumo.<\/p>\n<ul>\n<li>Es excelente fuente de fibra, vitaminas de los grupos B, C y E.<\/li>\n<li>Es utilizado con fines medicinales gracias a sus propiedades laxantes, diur\u00e9ticas, astringentes,<\/li>\n<li>Antipir\u00e9ticos y antis\u00e9pticas.<\/li>\n<li>Ayudar a normalizar la funci\u00f3n intestinal.<\/li>\n<\/ul>\n<h2><strong>MODO DE CONSUMO<\/strong><\/h2>\n<p>La dosis diaria recomendada es de (01) c\u00e1psula 3 veces al d\u00eda con cada comida. Se puede tomar con agua o zumo de frutas natural.<\/p>\n","protected":false},"excerpt":{"rendered":"<p>Fibra Lass regula el proceso digestivo haciendo que el est\u00f3mago funciones mejor combatiendo el estre\u00f1imiento y la pereza intestinal. Permite mayor asimilaci\u00f3n de calcio, f\u00f3sforo y vitaminas. Facilita la disminuci\u00f3n de peso.<\/p>\n","protected":false},"featured_media":882,"comment_status":"open","ping_status":"closed","template":"","meta":{"_uag_custom_page_level_css":"","site-sidebar-layout":"default","site-content-layout":"default","ast-global-header-display":"","ast-banner-title-visibility":"","ast-main-header-display":"","ast-hfb-above-header-display":"","ast-hfb-below-header-display":"","ast-hfb-mobile-header-display":"","site-post-title":"","ast-breadcrumbs-content":"","ast-featured-img":"","footer-sml-layout":"","theme-transparent-header-meta":"default","adv-header-id-meta":"","stick-header-meta":"","header-above-stick-meta":"","header-main-stick-meta":"","header-below-stick-meta":"","_joinchat":[]},"product_cat":[23],"product_tag":[],"uagb_featured_image_src":{"full":["https:\/\/naturasanaperu.com\/wp-content\/uploads\/2023\/06\/fibra-lass.png",1058,1058,false],"thumbnail":["https:\/\/naturasanaperu.com\/wp-content\/uploads\/2023\/06\/fibra-lass-150x150.png",150,150,true],"medium":["https:\/\/naturasanaperu.com\/wp-content\/uploads\/2023\/06\/fibra-lass-300x300.png",300,300,true],"medium_large":["https:\/\/naturasanaperu.com\/wp-content\/uploads\/2023\/06\/fibra-lass-768x768.png",768,768,true],"large":["https:\/\/naturasanaperu.com\/wp-content\/uploads\/2023\/06\/fibra-lass-1024x1024.png",1024,1024,true],"1536x1536":["https:\/\/naturasanaperu.com\/wp-content\/uploads\/2023\/06\/fibra-lass.png",1058,1058,false],"2048x2048":["https:\/\/naturasanaperu.com\/wp-content\/uploads\/2023\/06\/fibra-lass.png",1058,1058,false],"depicter-thumbnail":["https:\/\/naturasanaperu.com\/wp-content\/uploads\/2023\/06\/fibra-lass-200x200.png",200,200,true],"woocommerce_thumbnail":["https:\/\/naturasanaperu.com\/wp-content\/uploads\/2023\/06\/fibra-lass-300x300.png",300,300,true],"woocommerce_single":["https:\/\/naturasanaperu.com\/wp-content\/uploads\/2023\/06\/fibra-lass-600x600.png",600,600,true],"woocommerce_gallery_thumbnail":["https:\/\/naturasanaperu.com\/wp-content\/uploads\/2023\/06\/fibra-lass-100x100.png",100,100,true],"variation_swatches_image_size":["https:\/\/naturasanaperu.com\/wp-content\/uploads\/2023\/06\/fibra-lass.png",50,50,false],"variation_swatches_tooltip_size":["https:\/\/naturasanaperu.com\/wp-content\/uploads\/2023\/06\/fibra-lass.png",100,100,false],"dgwt-wcas-product-suggestion":["https:\/\/naturasanaperu.com\/wp-content\/uploads\/2023\/06\/fibra-lass-64x64.png",64,64,true]},"uagb_author_info":{"display_name":"naturasana_1@hotmail.com","author_link":"https:\/\/naturasanaperu.com\/index.php\/author\/"},"uagb_comment_info":0,"uagb_excerpt":"Fibra Lass regula el proceso digestivo haciendo que el est\u00f3mago funciones mejor combatiendo el estre\u00f1imiento y la pereza intestinal. Permite mayor asimilaci\u00f3n de calcio, f\u00f3sforo y vitaminas. Facilita la disminuci\u00f3n de peso.","_links":{"self":[{"href":"https:\/\/naturasanaperu.com\/index.php\/wp-json\/wp\/v2\/product\/917"}],"collection":[{"href":"https:\/\/naturasanaperu.com\/index.php\/wp-json\/wp\/v2\/product"}],"about":[{"href":"https:\/\/naturasanaperu.com\/index.php\/wp-json\/wp\/v2\/types\/product"}],"replies":[{"embeddable":true,"href":"https:\/\/naturasanaperu.com\/index.php\/wp-json\/wp\/v2\/comments?post=917"}],"wp:featuredmedia":[{"embeddable":true,"href":"https:\/\/naturasanaperu.com\/index.php\/wp-json\/wp\/v2\/media\/882"}],"wp:attachment":[{"href":"https:\/\/naturasanaperu.com\/index.php\/wp-json\/wp\/v2\/media?parent=917"}],"wp:term":[{"taxonomy":"product_cat","embeddable":true,"href":"https:\/\/naturasanaperu.com\/index.php\/wp-json\/wp\/v2\/product_cat?post=917"},{"taxonomy":"product_tag","embeddable":true,"href":"https:\/\/naturasanaperu.com\/index.php\/wp-json\/wp\/v2\/product_tag?post=917"}],"curies":[{"name":"wp","href":"https:\/\/api.w.org\/{rel}","templated":true}]}}