{"id":930,"date":"2023-06-14T03:41:24","date_gmt":"2023-06-14T03:41:24","guid":{"rendered":"https:\/\/naturasanaperu.com\/?post_type=product&#038;p=930"},"modified":"2023-06-14T03:42:14","modified_gmt":"2023-06-14T03:42:14","slug":"pro-40","status":"publish","type":"product","link":"https:\/\/naturasanaperu.com\/index.php\/product\/pro-40\/","title":{"rendered":"PRO 40 GOLD"},"content":{"rendered":"<p>Pro 40 Gold es la combinaci\u00f3n de hierbas seleccionadas que aportan grandes propiedades farmac\u00e9uticas y curativas al cuerpo humano. Seg\u00fan estudios, este alimento contiene prote\u00edna, carbohidrato y antocianina es anticancer\u00edgeno, y es capaz de tratar inflamaci\u00f3n de la pr\u00f3stata, inflamaci\u00f3n de la vejiga, prostatitis y displasia.<\/p>\n<h2><strong>BENEFICIOS<\/strong><\/h2>\n<p>Para obtener resultados excelentes en el consumo de este producto seguir las indicaciones del modo de consumo.<\/p>\n<ul>\n<li>Excelente para aumentar el libido y crecimiento del miembro viril masculino.<\/li>\n<li>Su acci\u00f3n\u00a0principal es desinflamar los tejidos inflamados de las v\u00edas urinarias.<\/li>\n<li>Estimulante y vigorizante.<\/li>\n<li>Previene la eyaculaci\u00f3n\u00a0precoz.<\/li>\n<\/ul>\n<h2><strong>MODO DE CONSUMO<\/strong><\/h2>\n<p>La dosis diaria recomendada es de (01) c\u00e1psula 3 veces al d\u00eda con cada comida. Se puede tomar con agua o zumo de frutas natural.<\/p>\n","protected":false},"excerpt":{"rendered":"<p>Pro 40 Gold es la combinaci\u00f3n de hierbas seleccionadas que aportan grandes propiedades farmac\u00e9uticas y curativas al cuerpo humano. Seg\u00fan estudios, este alimento contiene prote\u00edna, carbohidrato y antocianina es anticancer\u00edgeno, y es capaz de tratar inflamaci\u00f3n de la pr\u00f3stata, inflamaci\u00f3n de la vejiga, prostatitis y displasia.<\/p>\n<p>NaturaSana se esfuerza para ofrecerte alimentos y suplementos de la mejor calidad con ingredientes naturales.<\/p>\n","protected":false},"featured_media":892,"comment_status":"open","ping_status":"closed","template":"","meta":{"_uag_custom_page_level_css":"","site-sidebar-layout":"default","site-content-layout":"default","ast-global-header-display":"","ast-banner-title-visibility":"","ast-main-header-display":"","ast-hfb-above-header-display":"","ast-hfb-below-header-display":"","ast-hfb-mobile-header-display":"","site-post-title":"","ast-breadcrumbs-content":"","ast-featured-img":"","footer-sml-layout":"","theme-transparent-header-meta":"default","adv-header-id-meta":"","stick-header-meta":"","header-above-stick-meta":"","header-main-stick-meta":"","header-below-stick-meta":"","_joinchat":[]},"product_cat":[23],"product_tag":[],"uagb_featured_image_src":{"full":["https:\/\/naturasanaperu.com\/wp-content\/uploads\/2023\/06\/pro40.png",1058,1058,false],"thumbnail":["https:\/\/naturasanaperu.com\/wp-content\/uploads\/2023\/06\/pro40-150x150.png",150,150,true],"medium":["https:\/\/naturasanaperu.com\/wp-content\/uploads\/2023\/06\/pro40-300x300.png",300,300,true],"medium_large":["https:\/\/naturasanaperu.com\/wp-content\/uploads\/2023\/06\/pro40-768x768.png",768,768,true],"large":["https:\/\/naturasanaperu.com\/wp-content\/uploads\/2023\/06\/pro40-1024x1024.png",1024,1024,true],"1536x1536":["https:\/\/naturasanaperu.com\/wp-content\/uploads\/2023\/06\/pro40.png",1058,1058,false],"2048x2048":["https:\/\/naturasanaperu.com\/wp-content\/uploads\/2023\/06\/pro40.png",1058,1058,false],"depicter-thumbnail":["https:\/\/naturasanaperu.com\/wp-content\/uploads\/2023\/06\/pro40-200x200.png",200,200,true],"woocommerce_thumbnail":["https:\/\/naturasanaperu.com\/wp-content\/uploads\/2023\/06\/pro40-300x300.png",300,300,true],"woocommerce_single":["https:\/\/naturasanaperu.com\/wp-content\/uploads\/2023\/06\/pro40-600x600.png",600,600,true],"woocommerce_gallery_thumbnail":["https:\/\/naturasanaperu.com\/wp-content\/uploads\/2023\/06\/pro40-100x100.png",100,100,true],"variation_swatches_image_size":["https:\/\/naturasanaperu.com\/wp-content\/uploads\/2023\/06\/pro40.png",50,50,false],"variation_swatches_tooltip_size":["https:\/\/naturasanaperu.com\/wp-content\/uploads\/2023\/06\/pro40.png",100,100,false],"dgwt-wcas-product-suggestion":["https:\/\/naturasanaperu.com\/wp-content\/uploads\/2023\/06\/pro40-64x64.png",64,64,true]},"uagb_author_info":{"display_name":"naturasana_1@hotmail.com","author_link":"https:\/\/naturasanaperu.com\/index.php\/author\/"},"uagb_comment_info":0,"uagb_excerpt":"Pro 40 Gold es la combinaci\u00f3n de hierbas seleccionadas que aportan grandes propiedades farmac\u00e9uticas y curativas al cuerpo humano. Seg\u00fan estudios, este alimento contiene prote\u00edna, carbohidrato y antocianina es anticancer\u00edgeno, y es capaz de tratar inflamaci\u00f3n de la pr\u00f3stata, inflamaci\u00f3n de la vejiga, prostatitis y displasia. NaturaSana se esfuerza para ofrecerte alimentos y suplementos de&hellip;","_links":{"self":[{"href":"https:\/\/naturasanaperu.com\/index.php\/wp-json\/wp\/v2\/product\/930"}],"collection":[{"href":"https:\/\/naturasanaperu.com\/index.php\/wp-json\/wp\/v2\/product"}],"about":[{"href":"https:\/\/naturasanaperu.com\/index.php\/wp-json\/wp\/v2\/types\/product"}],"replies":[{"embeddable":true,"href":"https:\/\/naturasanaperu.com\/index.php\/wp-json\/wp\/v2\/comments?post=930"}],"wp:featuredmedia":[{"embeddable":true,"href":"https:\/\/naturasanaperu.com\/index.php\/wp-json\/wp\/v2\/media\/892"}],"wp:attachment":[{"href":"https:\/\/naturasanaperu.com\/index.php\/wp-json\/wp\/v2\/media?parent=930"}],"wp:term":[{"taxonomy":"product_cat","embeddable":true,"href":"https:\/\/naturasanaperu.com\/index.php\/wp-json\/wp\/v2\/product_cat?post=930"},{"taxonomy":"product_tag","embeddable":true,"href":"https:\/\/naturasanaperu.com\/index.php\/wp-json\/wp\/v2\/product_tag?post=930"}],"curies":[{"name":"wp","href":"https:\/\/api.w.org\/{rel}","templated":true}]}}