{"id":933,"date":"2023-06-14T04:28:53","date_gmt":"2023-06-14T04:28:53","guid":{"rendered":"https:\/\/naturasanaperu.com\/?post_type=product&#038;p=933"},"modified":"2023-06-14T04:31:13","modified_gmt":"2023-06-14T04:31:13","slug":"spirulina","status":"publish","type":"product","link":"https:\/\/naturasanaperu.com\/index.php\/product\/spirulina\/","title":{"rendered":"SPIRULINA"},"content":{"rendered":"<p>La espirulina es un alga, se consume como un suplemento nutricional debido a sus poderes regeneradores, depurativos y estimulantes, as\u00ed que la espirulina sirve para prevenir y tratar diversas enfermedades. Es uno de los alimentos que m\u00e1s vitaminas y minerales aporta a nuestro cuerpo. Sin duda su aporte en sodio, magnesio y hierro son los m\u00e1s destacables.<\/p>\n<h2><strong>BENEFICIOS<\/strong><\/h2>\n<p>Para obtener resultados excelentes en el consumo de este producto seguir las indicaciones del modo de consumo.<\/p>\n<ul>\n<li>Incrementa la flora intestinal positiva<\/li>\n<li>Desintoxica el organismo<\/li>\n<li>Proporciona energ\u00eda.<\/li>\n<li>Fomenta el desarrollo muscular.<\/li>\n<li>Ideal para personas con desgaste f\u00edsico e intelectual.<\/li>\n<li>Previene y trata la anemia.<\/li>\n<li>Reduce el apetito.<\/li>\n<\/ul>\n<h2><strong>MODO DE CONSUMO<\/strong><\/h2>\n<p>La dosis diaria recomendada es de (01) c\u00e1psula 3 veces al d\u00eda con cada comida. Se puede tomar con agua o zumo de frutas natural.<\/p>\n","protected":false},"excerpt":{"rendered":"<p>La espirulina es un alga, se consume como un suplemento nutricional debido a sus poderes regeneradores, depurativos y estimulantes, as\u00ed que la espirulina sirve para prevenir y tratar diversas enfermedades. Es uno de los alimentos que m\u00e1s vitaminas y minerales aporta a nuestro cuerpo. Sin duda su aporte en sodio, magnesio y hierro son los m\u00e1s destacables.<\/p>\n<p>NaturaSana se esfuerza para ofrecerte alimentos y suplementos de la mejor calidad con ingredientes naturales.<\/p>\n","protected":false},"featured_media":895,"comment_status":"open","ping_status":"closed","template":"","meta":{"_uag_custom_page_level_css":"","site-sidebar-layout":"default","site-content-layout":"default","ast-global-header-display":"","ast-banner-title-visibility":"","ast-main-header-display":"","ast-hfb-above-header-display":"","ast-hfb-below-header-display":"","ast-hfb-mobile-header-display":"","site-post-title":"","ast-breadcrumbs-content":"","ast-featured-img":"","footer-sml-layout":"","theme-transparent-header-meta":"default","adv-header-id-meta":"","stick-header-meta":"","header-above-stick-meta":"","header-main-stick-meta":"","header-below-stick-meta":"","_joinchat":[]},"product_cat":[23],"product_tag":[],"uagb_featured_image_src":{"full":["https:\/\/naturasanaperu.com\/wp-content\/uploads\/2023\/06\/spirulina.png",1058,1058,false],"thumbnail":["https:\/\/naturasanaperu.com\/wp-content\/uploads\/2023\/06\/spirulina-150x150.png",150,150,true],"medium":["https:\/\/naturasanaperu.com\/wp-content\/uploads\/2023\/06\/spirulina-300x300.png",300,300,true],"medium_large":["https:\/\/naturasanaperu.com\/wp-content\/uploads\/2023\/06\/spirulina-768x768.png",768,768,true],"large":["https:\/\/naturasanaperu.com\/wp-content\/uploads\/2023\/06\/spirulina-1024x1024.png",1024,1024,true],"1536x1536":["https:\/\/naturasanaperu.com\/wp-content\/uploads\/2023\/06\/spirulina.png",1058,1058,false],"2048x2048":["https:\/\/naturasanaperu.com\/wp-content\/uploads\/2023\/06\/spirulina.png",1058,1058,false],"depicter-thumbnail":["https:\/\/naturasanaperu.com\/wp-content\/uploads\/2023\/06\/spirulina-200x200.png",200,200,true],"woocommerce_thumbnail":["https:\/\/naturasanaperu.com\/wp-content\/uploads\/2023\/06\/spirulina-300x300.png",300,300,true],"woocommerce_single":["https:\/\/naturasanaperu.com\/wp-content\/uploads\/2023\/06\/spirulina-600x600.png",600,600,true],"woocommerce_gallery_thumbnail":["https:\/\/naturasanaperu.com\/wp-content\/uploads\/2023\/06\/spirulina-100x100.png",100,100,true],"variation_swatches_image_size":["https:\/\/naturasanaperu.com\/wp-content\/uploads\/2023\/06\/spirulina.png",50,50,false],"variation_swatches_tooltip_size":["https:\/\/naturasanaperu.com\/wp-content\/uploads\/2023\/06\/spirulina.png",100,100,false],"dgwt-wcas-product-suggestion":["https:\/\/naturasanaperu.com\/wp-content\/uploads\/2023\/06\/spirulina-64x64.png",64,64,true]},"uagb_author_info":{"display_name":"naturasana_1@hotmail.com","author_link":"https:\/\/naturasanaperu.com\/index.php\/author\/"},"uagb_comment_info":0,"uagb_excerpt":"La espirulina es un alga, se consume como un suplemento nutricional debido a sus poderes regeneradores, depurativos y estimulantes, as\u00ed que la espirulina sirve para prevenir y tratar diversas enfermedades. Es uno de los alimentos que m\u00e1s vitaminas y minerales aporta a nuestro cuerpo. Sin duda su aporte en sodio, magnesio y hierro son los&hellip;","_links":{"self":[{"href":"https:\/\/naturasanaperu.com\/index.php\/wp-json\/wp\/v2\/product\/933"}],"collection":[{"href":"https:\/\/naturasanaperu.com\/index.php\/wp-json\/wp\/v2\/product"}],"about":[{"href":"https:\/\/naturasanaperu.com\/index.php\/wp-json\/wp\/v2\/types\/product"}],"replies":[{"embeddable":true,"href":"https:\/\/naturasanaperu.com\/index.php\/wp-json\/wp\/v2\/comments?post=933"}],"wp:featuredmedia":[{"embeddable":true,"href":"https:\/\/naturasanaperu.com\/index.php\/wp-json\/wp\/v2\/media\/895"}],"wp:attachment":[{"href":"https:\/\/naturasanaperu.com\/index.php\/wp-json\/wp\/v2\/media?parent=933"}],"wp:term":[{"taxonomy":"product_cat","embeddable":true,"href":"https:\/\/naturasanaperu.com\/index.php\/wp-json\/wp\/v2\/product_cat?post=933"},{"taxonomy":"product_tag","embeddable":true,"href":"https:\/\/naturasanaperu.com\/index.php\/wp-json\/wp\/v2\/product_tag?post=933"}],"curies":[{"name":"wp","href":"https:\/\/api.w.org\/{rel}","templated":true}]}}