{"id":970,"date":"2023-06-14T23:28:54","date_gmt":"2023-06-14T23:28:54","guid":{"rendered":"https:\/\/naturasanaperu.com\/?post_type=product&#038;p=970"},"modified":"2023-06-14T23:34:16","modified_gmt":"2023-06-14T23:34:16","slug":"arandano","status":"publish","type":"product","link":"https:\/\/naturasanaperu.com\/index.php\/product\/arandano\/","title":{"rendered":"ARANDANO"},"content":{"rendered":"<p>Los ar\u00e1ndanos azules, conocidos tambi\u00e9n como blueberry o mirtilos, son una fruta rica en antioxidantes, vitaminas y fibras, cuyas propiedades ayudan a mejorar la salud cardiovascular, protegen el h\u00edgado y existen evidencias de que mejoran el deterioro cognitivo y la memoria.<\/p>\n<p>Los ar\u00e1ndanos son bajos en calor\u00edas y ricos en nutrientes, pudiendo incluirse en las dietas para bajar de peso.<\/p>\n<h2><strong>BENEFICIOS<\/strong><\/h2>\n<p>Para obtener resultados excelentes en el consumo de este producto seguir las indicaciones del modo de consumo.<\/p>\n<ul>\n<li>Rica en antioxidantes, principalmente las antocianinas que son flavonoides, adem\u00e1s de vitamina C, protegiendo las c\u00e9lulas del organismo del da\u00f1o de los radicales libres.<\/li>\n<li>Ayudar a disminuir el az\u00facar en la sangre, a controlar los niveles de insulina y a mejorar la sensibilidad a la insulina, siendo beneficioso para las personas que sufren de prediabetes y diabetes.<\/li>\n<li>Ayudar a disminuir la presi\u00f3n arterial en personas que tienen riesgo cardiovascular.<\/li>\n<li>Ayudar a disminuir el colesterol malo LDL.<\/li>\n<li>Proteger el coraz\u00f3n debido a que retarda la progresi\u00f3n de la aterosclerosis.<\/li>\n<li>Podr\u00eda proteger contra la influenza, debido a que posee propiedades antivirales y es rica en vitamina C.<\/li>\n<\/ul>\n<h2><strong>MODO DE CONSUMO<\/strong><\/h2>\n<p>Consumir puro o diluir en un l\u00edquido saludable.<\/p>\n<p>Empieza a disfrutar de sus beneficios bebiendo dos cucharadas al d\u00eda despu\u00e9s de los alimentos y renueva tu salud.<\/p>\n","protected":false},"excerpt":{"rendered":"<p>Los ar\u00e1ndanos azules, conocidos tambi\u00e9n como blueberry o mirtilos, son una fruta rica en antioxidantes, vitaminas y fibras, cuyas propiedades ayudan a mejorar la salud cardiovascular, protegen el h\u00edgado y existen evidencias de que mejoran el deterioro cognitivo y la memoria.<\/p>\n<p>Los ar\u00e1ndanos son bajos en calor\u00edas y ricos en nutrientes, pudiendo incluirse en las dietas para bajar de peso.<\/p>\n","protected":false},"featured_media":943,"comment_status":"open","ping_status":"closed","template":"","meta":{"_uag_custom_page_level_css":"","site-sidebar-layout":"default","site-content-layout":"default","ast-global-header-display":"","ast-banner-title-visibility":"","ast-main-header-display":"","ast-hfb-above-header-display":"","ast-hfb-below-header-display":"","ast-hfb-mobile-header-display":"","site-post-title":"","ast-breadcrumbs-content":"","ast-featured-img":"","footer-sml-layout":"","theme-transparent-header-meta":"default","adv-header-id-meta":"","stick-header-meta":"","header-above-stick-meta":"","header-main-stick-meta":"","header-below-stick-meta":"","_joinchat":[]},"product_cat":[26],"product_tag":[],"uagb_featured_image_src":{"full":["https:\/\/naturasanaperu.com\/wp-content\/uploads\/2023\/06\/ARANDANO.png",1058,1058,false],"thumbnail":["https:\/\/naturasanaperu.com\/wp-content\/uploads\/2023\/06\/ARANDANO-150x150.png",150,150,true],"medium":["https:\/\/naturasanaperu.com\/wp-content\/uploads\/2023\/06\/ARANDANO-300x300.png",300,300,true],"medium_large":["https:\/\/naturasanaperu.com\/wp-content\/uploads\/2023\/06\/ARANDANO-768x768.png",768,768,true],"large":["https:\/\/naturasanaperu.com\/wp-content\/uploads\/2023\/06\/ARANDANO-1024x1024.png",1024,1024,true],"1536x1536":["https:\/\/naturasanaperu.com\/wp-content\/uploads\/2023\/06\/ARANDANO.png",1058,1058,false],"2048x2048":["https:\/\/naturasanaperu.com\/wp-content\/uploads\/2023\/06\/ARANDANO.png",1058,1058,false],"depicter-thumbnail":["https:\/\/naturasanaperu.com\/wp-content\/uploads\/2023\/06\/ARANDANO-200x200.png",200,200,true],"woocommerce_thumbnail":["https:\/\/naturasanaperu.com\/wp-content\/uploads\/2023\/06\/ARANDANO-300x300.png",300,300,true],"woocommerce_single":["https:\/\/naturasanaperu.com\/wp-content\/uploads\/2023\/06\/ARANDANO-600x600.png",600,600,true],"woocommerce_gallery_thumbnail":["https:\/\/naturasanaperu.com\/wp-content\/uploads\/2023\/06\/ARANDANO-100x100.png",100,100,true],"variation_swatches_image_size":["https:\/\/naturasanaperu.com\/wp-content\/uploads\/2023\/06\/ARANDANO.png",50,50,false],"variation_swatches_tooltip_size":["https:\/\/naturasanaperu.com\/wp-content\/uploads\/2023\/06\/ARANDANO.png",100,100,false],"dgwt-wcas-product-suggestion":["https:\/\/naturasanaperu.com\/wp-content\/uploads\/2023\/06\/ARANDANO-64x64.png",64,64,true]},"uagb_author_info":{"display_name":"naturasana_1@hotmail.com","author_link":"https:\/\/naturasanaperu.com\/index.php\/author\/"},"uagb_comment_info":0,"uagb_excerpt":"Los ar\u00e1ndanos azules, conocidos tambi\u00e9n como blueberry o mirtilos, son una fruta rica en antioxidantes, vitaminas y fibras, cuyas propiedades ayudan a mejorar la salud cardiovascular, protegen el h\u00edgado y existen evidencias de que mejoran el deterioro cognitivo y la memoria. Los ar\u00e1ndanos son bajos en calor\u00edas y ricos en nutrientes, pudiendo incluirse en las&hellip;","_links":{"self":[{"href":"https:\/\/naturasanaperu.com\/index.php\/wp-json\/wp\/v2\/product\/970"}],"collection":[{"href":"https:\/\/naturasanaperu.com\/index.php\/wp-json\/wp\/v2\/product"}],"about":[{"href":"https:\/\/naturasanaperu.com\/index.php\/wp-json\/wp\/v2\/types\/product"}],"replies":[{"embeddable":true,"href":"https:\/\/naturasanaperu.com\/index.php\/wp-json\/wp\/v2\/comments?post=970"}],"wp:featuredmedia":[{"embeddable":true,"href":"https:\/\/naturasanaperu.com\/index.php\/wp-json\/wp\/v2\/media\/943"}],"wp:attachment":[{"href":"https:\/\/naturasanaperu.com\/index.php\/wp-json\/wp\/v2\/media?parent=970"}],"wp:term":[{"taxonomy":"product_cat","embeddable":true,"href":"https:\/\/naturasanaperu.com\/index.php\/wp-json\/wp\/v2\/product_cat?post=970"},{"taxonomy":"product_tag","embeddable":true,"href":"https:\/\/naturasanaperu.com\/index.php\/wp-json\/wp\/v2\/product_tag?post=970"}],"curies":[{"name":"wp","href":"https:\/\/api.w.org\/{rel}","templated":true}]}}