{"id":976,"date":"2023-06-15T00:06:52","date_gmt":"2023-06-15T00:06:52","guid":{"rendered":"https:\/\/naturasanaperu.com\/?post_type=product&#038;p=976"},"modified":"2023-06-15T00:50:32","modified_gmt":"2023-06-15T00:50:32","slug":"depu-roliv","status":"publish","type":"product","link":"https:\/\/naturasanaperu.com\/index.php\/product\/depu-roliv\/","title":{"rendered":"DEPU-ROLIV"},"content":{"rendered":"<p>Depu-roliv regula el proceso digestivo haciendo que el est\u00f3mago funciones mejor combatiendo el estre\u00f1imiento y la pereza intestinal, haciendo que el est\u00f3mago e intestinos\u00a0 funciones de manera saludable, adem\u00e1s de proporcionarnos un alto contenido en vitaminas y minerales.<\/p>\n<h2><strong>BENEFICIOS<\/strong><\/h2>\n<p>Para obtener resultados excelentes en el consumo de este producto seguir las indicaciones del modo de consumo.<\/p>\n<ul>\n<li>Contribuye a reforzar la salud estomacal de agresiones como la gastritis y \u00falceras.<\/li>\n<li>Colabora en una buena digesti\u00f3n de los alimentos.<\/li>\n<li>Ayuda a disminuir la acidez estomacal.<\/li>\n<li>Ideal para cuidar naturalmente la salud del colon.<\/li>\n<li>Ayuda a evitar el estre\u00f1imiento.<\/li>\n<\/ul>\n<h2><strong>MODO DE CONSUMO<\/strong><\/h2>\n<p>Consumir puro o diluir en un l\u00edquido saludable.<\/p>\n<p>Empieza a disfrutar de sus beneficios bebiendo dos cucharadas al d\u00eda despu\u00e9s de los alimentos y renueva tu salud.<\/p>\n","protected":false},"excerpt":{"rendered":"<p>Depu-roliv regula el proceso digestivo haciendo que el est\u00f3mago funciones mejor combatiendo el estre\u00f1imiento y la pereza intestinal, haciendo que el est\u00f3mago e intestinos\u00a0 funciones de manera saludable, adem\u00e1s de proporcionarnos un alto contenido en vitaminas y minerales.<\/p>\n","protected":false},"featured_media":949,"comment_status":"open","ping_status":"closed","template":"","meta":{"_uag_custom_page_level_css":"","site-sidebar-layout":"default","site-content-layout":"default","ast-global-header-display":"","ast-banner-title-visibility":"","ast-main-header-display":"","ast-hfb-above-header-display":"","ast-hfb-below-header-display":"","ast-hfb-mobile-header-display":"","site-post-title":"","ast-breadcrumbs-content":"","ast-featured-img":"","footer-sml-layout":"","theme-transparent-header-meta":"default","adv-header-id-meta":"","stick-header-meta":"","header-above-stick-meta":"","header-main-stick-meta":"","header-below-stick-meta":"","_joinchat":[]},"product_cat":[26],"product_tag":[],"uagb_featured_image_src":{"full":["https:\/\/naturasanaperu.com\/wp-content\/uploads\/2023\/06\/DEPUROLIV.png",1058,1058,false],"thumbnail":["https:\/\/naturasanaperu.com\/wp-content\/uploads\/2023\/06\/DEPUROLIV-150x150.png",150,150,true],"medium":["https:\/\/naturasanaperu.com\/wp-content\/uploads\/2023\/06\/DEPUROLIV-300x300.png",300,300,true],"medium_large":["https:\/\/naturasanaperu.com\/wp-content\/uploads\/2023\/06\/DEPUROLIV-768x768.png",768,768,true],"large":["https:\/\/naturasanaperu.com\/wp-content\/uploads\/2023\/06\/DEPUROLIV-1024x1024.png",1024,1024,true],"1536x1536":["https:\/\/naturasanaperu.com\/wp-content\/uploads\/2023\/06\/DEPUROLIV.png",1058,1058,false],"2048x2048":["https:\/\/naturasanaperu.com\/wp-content\/uploads\/2023\/06\/DEPUROLIV.png",1058,1058,false],"depicter-thumbnail":["https:\/\/naturasanaperu.com\/wp-content\/uploads\/2023\/06\/DEPUROLIV-200x200.png",200,200,true],"woocommerce_thumbnail":["https:\/\/naturasanaperu.com\/wp-content\/uploads\/2023\/06\/DEPUROLIV-300x300.png",300,300,true],"woocommerce_single":["https:\/\/naturasanaperu.com\/wp-content\/uploads\/2023\/06\/DEPUROLIV-600x600.png",600,600,true],"woocommerce_gallery_thumbnail":["https:\/\/naturasanaperu.com\/wp-content\/uploads\/2023\/06\/DEPUROLIV-100x100.png",100,100,true],"variation_swatches_image_size":["https:\/\/naturasanaperu.com\/wp-content\/uploads\/2023\/06\/DEPUROLIV.png",50,50,false],"variation_swatches_tooltip_size":["https:\/\/naturasanaperu.com\/wp-content\/uploads\/2023\/06\/DEPUROLIV.png",100,100,false],"dgwt-wcas-product-suggestion":["https:\/\/naturasanaperu.com\/wp-content\/uploads\/2023\/06\/DEPUROLIV-64x64.png",64,64,true]},"uagb_author_info":{"display_name":"naturasana_1@hotmail.com","author_link":"https:\/\/naturasanaperu.com\/index.php\/author\/"},"uagb_comment_info":0,"uagb_excerpt":"Depu-roliv regula el proceso digestivo haciendo que el est\u00f3mago funciones mejor combatiendo el estre\u00f1imiento y la pereza intestinal, haciendo que el est\u00f3mago e intestinos\u00a0 funciones de manera saludable, adem\u00e1s de proporcionarnos un alto contenido en vitaminas y minerales.","_links":{"self":[{"href":"https:\/\/naturasanaperu.com\/index.php\/wp-json\/wp\/v2\/product\/976"}],"collection":[{"href":"https:\/\/naturasanaperu.com\/index.php\/wp-json\/wp\/v2\/product"}],"about":[{"href":"https:\/\/naturasanaperu.com\/index.php\/wp-json\/wp\/v2\/types\/product"}],"replies":[{"embeddable":true,"href":"https:\/\/naturasanaperu.com\/index.php\/wp-json\/wp\/v2\/comments?post=976"}],"wp:featuredmedia":[{"embeddable":true,"href":"https:\/\/naturasanaperu.com\/index.php\/wp-json\/wp\/v2\/media\/949"}],"wp:attachment":[{"href":"https:\/\/naturasanaperu.com\/index.php\/wp-json\/wp\/v2\/media?parent=976"}],"wp:term":[{"taxonomy":"product_cat","embeddable":true,"href":"https:\/\/naturasanaperu.com\/index.php\/wp-json\/wp\/v2\/product_cat?post=976"},{"taxonomy":"product_tag","embeddable":true,"href":"https:\/\/naturasanaperu.com\/index.php\/wp-json\/wp\/v2\/product_tag?post=976"}],"curies":[{"name":"wp","href":"https:\/\/api.w.org\/{rel}","templated":true}]}}