{"id":980,"date":"2023-06-15T01:28:40","date_gmt":"2023-06-15T01:28:40","guid":{"rendered":"https:\/\/naturasanaperu.com\/?post_type=product&#038;p=980"},"modified":"2023-06-15T02:15:20","modified_gmt":"2023-06-15T02:15:20","slug":"glucosamine","status":"publish","type":"product","link":"https:\/\/naturasanaperu.com\/index.php\/product\/glucosamine\/","title":{"rendered":"GLUCOSAMINE"},"content":{"rendered":"<div>\n<p>Glucosamina es un componente de los carbohidratos que el organismo no utiliza como energ\u00eda y pasan a formar parte de la estructura de los tejidos. Por lo tanto, se relaciona con \u00f3rganos como ligamentos, ojos, tendones, u\u00f1as, piel, huesos y v\u00e1lvulas card\u00edacas.<\/p>\n<\/div>\n<div>\n<div><strong style=\"font-size: 1.7em;\">BENEFICIOS<\/strong><\/div>\n<\/div>\n<p>Para obtener resultados excelentes en el consumo de este producto seguir las indicaciones del modo de consumo.<\/p>\n<ul>\n<li>Su acci\u00f3n y la funcionalidad permite mantener a\u00a0las articulaciones sanas y saludables.<\/li>\n<li>Previene lesiones articulares y dolores en casos de artritis o artrosis.<\/li>\n<li>Estimula la formaci\u00f3n y reparaci\u00f3n del cart\u00edlago articular.<\/li>\n<li>Proporciona\u00a0elasticidad\u00a0al cart\u00edlago y por lo tanto, previene el desgaste de las articulaciones.<\/li>\n<li>Tiene un efecto antiinflamatorio y se utiliza para la artritis y para la artrosis.<\/li>\n<li>La glucosamina es especialmente interesante para casos de osteoartritis en las rodillas\u00a0y en los codos.<\/li>\n<li>Tambi\u00e9n ayuda al\u00a0actuar sobre la inflamaci\u00f3n\u00a0de las venas varicosas en las piernas.<\/li>\n<\/ul>\n<h2><strong>MODO DE CONSUMO<\/strong><\/h2>\n<p>Consumir puro o diluir en un l\u00edquido saludable.<\/p>\n<p>Empieza a disfrutar de sus beneficios bebiendo dos cucharadas al d\u00eda despu\u00e9s de los alimentos y renueva tu salud.<\/p>\n","protected":false},"excerpt":{"rendered":"<p>Glucosamina es un componente de los carbohidratos que el organismo no utiliza como energ\u00eda y pasan a formar parte de la estructura de los tejidos. Por lo tanto, se relaciona con \u00f3rganos como ligamentos, ojos, tendones, u\u00f1as, piel, huesos y v\u00e1lvulas card\u00edacas.<\/p>\n","protected":false},"featured_media":953,"comment_status":"open","ping_status":"closed","template":"","meta":{"_uag_custom_page_level_css":"","site-sidebar-layout":"default","site-content-layout":"default","ast-global-header-display":"","ast-banner-title-visibility":"","ast-main-header-display":"","ast-hfb-above-header-display":"","ast-hfb-below-header-display":"","ast-hfb-mobile-header-display":"","site-post-title":"","ast-breadcrumbs-content":"","ast-featured-img":"","footer-sml-layout":"","theme-transparent-header-meta":"default","adv-header-id-meta":"","stick-header-meta":"","header-above-stick-meta":"","header-main-stick-meta":"","header-below-stick-meta":"","_joinchat":[]},"product_cat":[26],"product_tag":[],"uagb_featured_image_src":{"full":["https:\/\/naturasanaperu.com\/wp-content\/uploads\/2023\/06\/GLUCOSAMINE.png",1058,1058,false],"thumbnail":["https:\/\/naturasanaperu.com\/wp-content\/uploads\/2023\/06\/GLUCOSAMINE-150x150.png",150,150,true],"medium":["https:\/\/naturasanaperu.com\/wp-content\/uploads\/2023\/06\/GLUCOSAMINE-300x300.png",300,300,true],"medium_large":["https:\/\/naturasanaperu.com\/wp-content\/uploads\/2023\/06\/GLUCOSAMINE-768x768.png",768,768,true],"large":["https:\/\/naturasanaperu.com\/wp-content\/uploads\/2023\/06\/GLUCOSAMINE-1024x1024.png",1024,1024,true],"1536x1536":["https:\/\/naturasanaperu.com\/wp-content\/uploads\/2023\/06\/GLUCOSAMINE.png",1058,1058,false],"2048x2048":["https:\/\/naturasanaperu.com\/wp-content\/uploads\/2023\/06\/GLUCOSAMINE.png",1058,1058,false],"depicter-thumbnail":["https:\/\/naturasanaperu.com\/wp-content\/uploads\/2023\/06\/GLUCOSAMINE-200x200.png",200,200,true],"woocommerce_thumbnail":["https:\/\/naturasanaperu.com\/wp-content\/uploads\/2023\/06\/GLUCOSAMINE-300x300.png",300,300,true],"woocommerce_single":["https:\/\/naturasanaperu.com\/wp-content\/uploads\/2023\/06\/GLUCOSAMINE-600x600.png",600,600,true],"woocommerce_gallery_thumbnail":["https:\/\/naturasanaperu.com\/wp-content\/uploads\/2023\/06\/GLUCOSAMINE-100x100.png",100,100,true],"variation_swatches_image_size":["https:\/\/naturasanaperu.com\/wp-content\/uploads\/2023\/06\/GLUCOSAMINE.png",50,50,false],"variation_swatches_tooltip_size":["https:\/\/naturasanaperu.com\/wp-content\/uploads\/2023\/06\/GLUCOSAMINE.png",100,100,false],"dgwt-wcas-product-suggestion":["https:\/\/naturasanaperu.com\/wp-content\/uploads\/2023\/06\/GLUCOSAMINE-64x64.png",64,64,true]},"uagb_author_info":{"display_name":"naturasana_1@hotmail.com","author_link":"https:\/\/naturasanaperu.com\/index.php\/author\/"},"uagb_comment_info":0,"uagb_excerpt":"Glucosamina es un componente de los carbohidratos que el organismo no utiliza como energ\u00eda y pasan a formar parte de la estructura de los tejidos. Por lo tanto, se relaciona con \u00f3rganos como ligamentos, ojos, tendones, u\u00f1as, piel, huesos y v\u00e1lvulas card\u00edacas.","_links":{"self":[{"href":"https:\/\/naturasanaperu.com\/index.php\/wp-json\/wp\/v2\/product\/980"}],"collection":[{"href":"https:\/\/naturasanaperu.com\/index.php\/wp-json\/wp\/v2\/product"}],"about":[{"href":"https:\/\/naturasanaperu.com\/index.php\/wp-json\/wp\/v2\/types\/product"}],"replies":[{"embeddable":true,"href":"https:\/\/naturasanaperu.com\/index.php\/wp-json\/wp\/v2\/comments?post=980"}],"wp:featuredmedia":[{"embeddable":true,"href":"https:\/\/naturasanaperu.com\/index.php\/wp-json\/wp\/v2\/media\/953"}],"wp:attachment":[{"href":"https:\/\/naturasanaperu.com\/index.php\/wp-json\/wp\/v2\/media?parent=980"}],"wp:term":[{"taxonomy":"product_cat","embeddable":true,"href":"https:\/\/naturasanaperu.com\/index.php\/wp-json\/wp\/v2\/product_cat?post=980"},{"taxonomy":"product_tag","embeddable":true,"href":"https:\/\/naturasanaperu.com\/index.php\/wp-json\/wp\/v2\/product_tag?post=980"}],"curies":[{"name":"wp","href":"https:\/\/api.w.org\/{rel}","templated":true}]}}